{"id":416149,"date":"2026-01-28T12:20:02","date_gmt":"2026-01-28T11:20:02","guid":{"rendered":"https:\/\/cle.fr\/?post_type=product&#038;p=416149"},"modified":"2026-01-28T12:28:33","modified_gmt":"2026-01-28T11:28:33","slug":"cours-particulier-3h-copie","status":"publish","type":"product","link":"https:\/\/cle.fr\/fr\/produit\/cours-particulier-3h-copie\/","title":{"rendered":"Cours de groupe de 6 semaines"},"content":{"rendered":"<p>Le co\u00fbt hebdomadaire d&rsquo;un cours de groupe de 6 semaines est de <strong>390 \u20ac.<\/strong><\/p>\n<p>Sachez qu&rsquo;un suppl\u00e9ment de <strong>80 \u20ac<\/strong> sera appliqu\u00e9 pour les frais administratifs. Et si vous souhaitez r\u00e9server une famille d&rsquo;accueil, <strong>80 \u20ac<\/strong> suppl\u00e9mentaires seront \u00e9galement factur\u00e9s. <\/p>\n","protected":false},"excerpt":{"rendered":"<p>Le co\u00fbt hebdomadaire est de 390 \u20ac (+80 \u20ac pour les frais administratifs).<\/p>\n","protected":false},"featured_media":0,"template":"","meta":{"_acf_changed":false},"product_brand":[],"product_cat":[41],"product_tag":[],"class_list":{"0":"post-416149","1":"product","2":"type-product","3":"status-publish","5":"product_cat-cours-collectif","7":"first","8":"instock","9":"taxable","10":"shipping-taxable","11":"purchasable","12":"product-type-simple"},"acf":[],"yoast_head":"<!-- This site is optimized with the Yoast SEO plugin v27.4 - https:\/\/yoast.com\/product\/yoast-seo-wordpress\/ -->\n<title>Cours de groupe de 6 semaines - \u00c9cole Cl\u00e9<\/title>\n<meta name=\"robots\" content=\"index, follow, max-snippet:-1, max-image-preview:large, max-video-preview:-1\" \/>\n<link rel=\"canonical\" href=\"https:\/\/cle.fr\/fr\/produit\/cours-particulier-3h-copie\/\" \/>\n<meta property=\"og:locale\" content=\"fr_FR\" \/>\n<meta property=\"og:type\" content=\"article\" \/>\n<meta property=\"og:title\" content=\"Cours de groupe de 6 semaines - \u00c9cole Cl\u00e9\" \/>\n<meta property=\"og:description\" content=\"Le co\u00fbt hebdomadaire est de 390 \u20ac (+80 \u20ac pour les frais administratifs).\" \/>\n<meta property=\"og:url\" content=\"https:\/\/cle.fr\/fr\/produit\/cours-particulier-3h-copie\/\" \/>\n<meta property=\"og:site_name\" content=\"\u00c9cole Cl\u00e9\" \/>\n<meta property=\"article:publisher\" content=\"https:\/\/www.facebook.com\/ecole.cle\" \/>\n<meta property=\"article:modified_time\" content=\"2026-01-28T11:28:33+00:00\" \/>\n<meta name=\"twitter:card\" content=\"summary_large_image\" \/>\n<script type=\"application\/ld+json\" class=\"yoast-schema-graph\">{\"@context\":\"https:\\\/\\\/schema.org\",\"@graph\":[{\"@type\":\"WebPage\",\"@id\":\"https:\\\/\\\/cle.fr\\\/fr\\\/produit\\\/cours-particulier-3h-copie\\\/\",\"url\":\"https:\\\/\\\/cle.fr\\\/fr\\\/produit\\\/cours-particulier-3h-copie\\\/\",\"name\":\"Cours de groupe de 6 semaines - \u00c9cole Cl\u00e9\",\"isPartOf\":{\"@id\":\"https:\\\/\\\/cle.fr\\\/fr\\\/#website\"},\"datePublished\":\"2026-01-28T11:20:02+00:00\",\"dateModified\":\"2026-01-28T11:28:33+00:00\",\"breadcrumb\":{\"@id\":\"https:\\\/\\\/cle.fr\\\/fr\\\/produit\\\/cours-particulier-3h-copie\\\/#breadcrumb\"},\"inLanguage\":\"fr-FR\",\"potentialAction\":[{\"@type\":\"ReadAction\",\"target\":[\"https:\\\/\\\/cle.fr\\\/fr\\\/produit\\\/cours-particulier-3h-copie\\\/\"]}]},{\"@type\":\"BreadcrumbList\",\"@id\":\"https:\\\/\\\/cle.fr\\\/fr\\\/produit\\\/cours-particulier-3h-copie\\\/#breadcrumb\",\"itemListElement\":[{\"@type\":\"ListItem\",\"position\":1,\"name\":\"Accueil\",\"item\":\"https:\\\/\\\/cle.fr\\\/fr\\\/\"},{\"@type\":\"ListItem\",\"position\":2,\"name\":\"Nos prix\",\"item\":\"https:\\\/\\\/cle.fr\\\/fr\\\/prix\\\/\"},{\"@type\":\"ListItem\",\"position\":3,\"name\":\"Cours de groupe de 6 semaines\"}]},{\"@type\":\"WebSite\",\"@id\":\"https:\\\/\\\/cle.fr\\\/fr\\\/#website\",\"url\":\"https:\\\/\\\/cle.fr\\\/fr\\\/\",\"name\":\"\u00c9cole Cl\u00e9\",\"description\":\"Learn French in Tours or Lyon with CL\u00c9 School: small classes, mature students, fast progress, and personalized cultural immersion experiences.\",\"publisher\":{\"@id\":\"https:\\\/\\\/cle.fr\\\/fr\\\/#organization\"},\"alternateName\":\"Centre Linguistique pour Etrangers\",\"potentialAction\":[{\"@type\":\"SearchAction\",\"target\":{\"@type\":\"EntryPoint\",\"urlTemplate\":\"https:\\\/\\\/cle.fr\\\/fr\\\/?s={search_term_string}\"},\"query-input\":{\"@type\":\"PropertyValueSpecification\",\"valueRequired\":true,\"valueName\":\"search_term_string\"}}],\"inLanguage\":\"fr-FR\"},{\"@type\":\"Organization\",\"@id\":\"https:\\\/\\\/cle.fr\\\/fr\\\/#organization\",\"name\":\"\u00c9cole Cl\u00e9\",\"url\":\"https:\\\/\\\/cle.fr\\\/fr\\\/\",\"logo\":{\"@type\":\"ImageObject\",\"inLanguage\":\"fr-FR\",\"@id\":\"https:\\\/\\\/cle.fr\\\/fr\\\/#\\\/schema\\\/logo\\\/image\\\/\",\"url\":\"https:\\\/\\\/cle.fr\\\/wp-content\\\/uploads\\\/2025\\\/05\\\/Logo-cle-blanc.webp\",\"contentUrl\":\"https:\\\/\\\/cle.fr\\\/wp-content\\\/uploads\\\/2025\\\/05\\\/Logo-cle-blanc.webp\",\"width\":114,\"height\":147,\"caption\":\"\u00c9cole Cl\u00e9\"},\"image\":{\"@id\":\"https:\\\/\\\/cle.fr\\\/fr\\\/#\\\/schema\\\/logo\\\/image\\\/\"},\"sameAs\":[\"https:\\\/\\\/www.facebook.com\\\/ecole.cle\",\"https:\\\/\\\/www.instagram.com\\\/ecolecle\\\/\"]}]}<\/script>\n<!-- \/ Yoast SEO plugin. -->","yoast_head_json":{"title":"Cours de groupe de 6 semaines - \u00c9cole Cl\u00e9","robots":{"index":"index","follow":"follow","max-snippet":"max-snippet:-1","max-image-preview":"max-image-preview:large","max-video-preview":"max-video-preview:-1"},"canonical":"https:\/\/cle.fr\/fr\/produit\/cours-particulier-3h-copie\/","og_locale":"fr_FR","og_type":"article","og_title":"Cours de groupe de 6 semaines - \u00c9cole Cl\u00e9","og_description":"Le co\u00fbt hebdomadaire est de 390 \u20ac (+80 \u20ac pour les frais administratifs).","og_url":"https:\/\/cle.fr\/fr\/produit\/cours-particulier-3h-copie\/","og_site_name":"\u00c9cole Cl\u00e9","article_publisher":"https:\/\/www.facebook.com\/ecole.cle","article_modified_time":"2026-01-28T11:28:33+00:00","twitter_card":"summary_large_image","schema":{"@context":"https:\/\/schema.org","@graph":[{"@type":"WebPage","@id":"https:\/\/cle.fr\/fr\/produit\/cours-particulier-3h-copie\/","url":"https:\/\/cle.fr\/fr\/produit\/cours-particulier-3h-copie\/","name":"Cours de groupe de 6 semaines - \u00c9cole Cl\u00e9","isPartOf":{"@id":"https:\/\/cle.fr\/fr\/#website"},"datePublished":"2026-01-28T11:20:02+00:00","dateModified":"2026-01-28T11:28:33+00:00","breadcrumb":{"@id":"https:\/\/cle.fr\/fr\/produit\/cours-particulier-3h-copie\/#breadcrumb"},"inLanguage":"fr-FR","potentialAction":[{"@type":"ReadAction","target":["https:\/\/cle.fr\/fr\/produit\/cours-particulier-3h-copie\/"]}]},{"@type":"BreadcrumbList","@id":"https:\/\/cle.fr\/fr\/produit\/cours-particulier-3h-copie\/#breadcrumb","itemListElement":[{"@type":"ListItem","position":1,"name":"Accueil","item":"https:\/\/cle.fr\/fr\/"},{"@type":"ListItem","position":2,"name":"Nos prix","item":"https:\/\/cle.fr\/fr\/prix\/"},{"@type":"ListItem","position":3,"name":"Cours de groupe de 6 semaines"}]},{"@type":"WebSite","@id":"https:\/\/cle.fr\/fr\/#website","url":"https:\/\/cle.fr\/fr\/","name":"\u00c9cole Cl\u00e9","description":"Learn French in Tours or Lyon with CL\u00c9 School: small classes, mature students, fast progress, and personalized cultural immersion experiences.","publisher":{"@id":"https:\/\/cle.fr\/fr\/#organization"},"alternateName":"Centre Linguistique pour Etrangers","potentialAction":[{"@type":"SearchAction","target":{"@type":"EntryPoint","urlTemplate":"https:\/\/cle.fr\/fr\/?s={search_term_string}"},"query-input":{"@type":"PropertyValueSpecification","valueRequired":true,"valueName":"search_term_string"}}],"inLanguage":"fr-FR"},{"@type":"Organization","@id":"https:\/\/cle.fr\/fr\/#organization","name":"\u00c9cole Cl\u00e9","url":"https:\/\/cle.fr\/fr\/","logo":{"@type":"ImageObject","inLanguage":"fr-FR","@id":"https:\/\/cle.fr\/fr\/#\/schema\/logo\/image\/","url":"https:\/\/cle.fr\/wp-content\/uploads\/2025\/05\/Logo-cle-blanc.webp","contentUrl":"https:\/\/cle.fr\/wp-content\/uploads\/2025\/05\/Logo-cle-blanc.webp","width":114,"height":147,"caption":"\u00c9cole Cl\u00e9"},"image":{"@id":"https:\/\/cle.fr\/fr\/#\/schema\/logo\/image\/"},"sameAs":["https:\/\/www.facebook.com\/ecole.cle","https:\/\/www.instagram.com\/ecolecle\/"]}]}},"_links":{"self":[{"href":"https:\/\/cle.fr\/fr\/wp-json\/wp\/v2\/product\/416149","targetHints":{"allow":["GET"]}}],"collection":[{"href":"https:\/\/cle.fr\/fr\/wp-json\/wp\/v2\/product"}],"about":[{"href":"https:\/\/cle.fr\/fr\/wp-json\/wp\/v2\/types\/product"}],"wp:attachment":[{"href":"https:\/\/cle.fr\/fr\/wp-json\/wp\/v2\/media?parent=416149"}],"wp:term":[{"taxonomy":"product_brand","embeddable":true,"href":"https:\/\/cle.fr\/fr\/wp-json\/wp\/v2\/product_brand?post=416149"},{"taxonomy":"product_cat","embeddable":true,"href":"https:\/\/cle.fr\/fr\/wp-json\/wp\/v2\/product_cat?post=416149"},{"taxonomy":"product_tag","embeddable":true,"href":"https:\/\/cle.fr\/fr\/wp-json\/wp\/v2\/product_tag?post=416149"}],"curies":[{"name":"wp","href":"https:\/\/api.w.org\/{rel}","templated":true}]}}