{"id":1269,"date":"2025-07-24T14:42:55","date_gmt":"2025-07-24T12:42:55","guid":{"rendered":"http:\/\/cle.fr\/product\/cours-collectif-en-ligne\/"},"modified":"2025-10-03T14:47:38","modified_gmt":"2025-10-03T12:47:38","slug":"cours-collectif-en-ligne","status":"publish","type":"product","link":"https:\/\/cle.fr\/fr\/produit\/cours-collectif-en-ligne\/","title":{"rendered":"Cours collectif en ligne"},"content":{"rendered":"<p>This personalized online class provides focused one-on-one instruction to help you build a solid foundation in French. You will develop the ability to handle everyday tasks in a French-speaking environment while communicating with confidence and understanding native speakers. To support your learning, you will receive approximately 60 minutes of prepared audio, video, or written materials at least one day before each lesson. Every session includes 60 minutes of direct, face-to-face interaction with your teacher, followed by 30 to 60 minutes of consolidation work such as assessments, exercises, and written practice. Before starting, you will take an online placement test to ensure the course is tailored to your level and goals.<\/p>\n","protected":false},"excerpt":{"rendered":"<p>Un cours virtuel individuel d\u2019une heure con\u00e7u pour vous permettre de renforcer et d\u2019\u00e9largir vos comp\u00e9tences, avec un planning flexible. Groupe de 3\u20135 \u00e9tudiants.<\/p>\n","protected":false},"featured_media":0,"template":"","meta":{"_acf_changed":false},"product_brand":[],"product_cat":[41],"product_tag":[],"class_list":{"0":"post-1269","1":"product","2":"type-product","3":"status-publish","5":"product_cat-cours-collectif","7":"first","8":"instock","9":"virtual","10":"taxable","11":"purchasable","12":"product-type-simple"},"acf":[],"yoast_head":"<!-- This site is optimized with the Yoast SEO plugin v27.3 - https:\/\/yoast.com\/product\/yoast-seo-wordpress\/ -->\n<title>Cours collectif en ligne - \u00c9cole Cl\u00e9<\/title>\n<meta name=\"robots\" content=\"index, follow, max-snippet:-1, max-image-preview:large, max-video-preview:-1\" \/>\n<link rel=\"canonical\" href=\"https:\/\/cle.fr\/fr\/produit\/cours-collectif-en-ligne\/\" \/>\n<meta property=\"og:locale\" content=\"fr_FR\" \/>\n<meta property=\"og:type\" content=\"article\" \/>\n<meta property=\"og:title\" content=\"Cours collectif en ligne - \u00c9cole Cl\u00e9\" \/>\n<meta property=\"og:description\" content=\"Un cours virtuel individuel d\u2019une heure con\u00e7u pour vous permettre de renforcer et d\u2019\u00e9largir vos comp\u00e9tences, avec un planning flexible. Groupe de 3\u20135 \u00e9tudiants.\" \/>\n<meta property=\"og:url\" content=\"https:\/\/cle.fr\/fr\/produit\/cours-collectif-en-ligne\/\" \/>\n<meta property=\"og:site_name\" content=\"\u00c9cole Cl\u00e9\" \/>\n<meta property=\"article:publisher\" content=\"https:\/\/www.facebook.com\/ecole.cle\" \/>\n<meta property=\"article:modified_time\" content=\"2025-10-03T12:47:38+00:00\" \/>\n<meta name=\"twitter:card\" content=\"summary_large_image\" \/>\n<meta name=\"twitter:label1\" content=\"Dur\u00e9e de lecture estim\u00e9e\" \/>\n\t<meta name=\"twitter:data1\" content=\"1 minute\" \/>\n<script type=\"application\/ld+json\" class=\"yoast-schema-graph\">{\"@context\":\"https:\\\/\\\/schema.org\",\"@graph\":[{\"@type\":\"WebPage\",\"@id\":\"https:\\\/\\\/cle.fr\\\/fr\\\/produit\\\/cours-collectif-en-ligne\\\/\",\"url\":\"https:\\\/\\\/cle.fr\\\/fr\\\/produit\\\/cours-collectif-en-ligne\\\/\",\"name\":\"Cours collectif en ligne - \u00c9cole Cl\u00e9\",\"isPartOf\":{\"@id\":\"https:\\\/\\\/cle.fr\\\/fr\\\/#website\"},\"datePublished\":\"2025-07-24T12:42:55+00:00\",\"dateModified\":\"2025-10-03T12:47:38+00:00\",\"breadcrumb\":{\"@id\":\"https:\\\/\\\/cle.fr\\\/fr\\\/produit\\\/cours-collectif-en-ligne\\\/#breadcrumb\"},\"inLanguage\":\"fr-FR\",\"potentialAction\":[{\"@type\":\"ReadAction\",\"target\":[\"https:\\\/\\\/cle.fr\\\/fr\\\/produit\\\/cours-collectif-en-ligne\\\/\"]}]},{\"@type\":\"BreadcrumbList\",\"@id\":\"https:\\\/\\\/cle.fr\\\/fr\\\/produit\\\/cours-collectif-en-ligne\\\/#breadcrumb\",\"itemListElement\":[{\"@type\":\"ListItem\",\"position\":1,\"name\":\"Accueil\",\"item\":\"https:\\\/\\\/cle.fr\\\/fr\\\/\"},{\"@type\":\"ListItem\",\"position\":2,\"name\":\"Nos prix\",\"item\":\"https:\\\/\\\/cle.fr\\\/fr\\\/prix\\\/\"},{\"@type\":\"ListItem\",\"position\":3,\"name\":\"Cours collectif en ligne\"}]},{\"@type\":\"WebSite\",\"@id\":\"https:\\\/\\\/cle.fr\\\/fr\\\/#website\",\"url\":\"https:\\\/\\\/cle.fr\\\/fr\\\/\",\"name\":\"\u00c9cole Cl\u00e9\",\"description\":\"Learn French in Tours or Lyon with CL\u00c9 School: small classes, mature students, fast progress, and personalized cultural immersion experiences.\",\"publisher\":{\"@id\":\"https:\\\/\\\/cle.fr\\\/fr\\\/#organization\"},\"alternateName\":\"Centre Linguistique pour Etrangers\",\"potentialAction\":[{\"@type\":\"SearchAction\",\"target\":{\"@type\":\"EntryPoint\",\"urlTemplate\":\"https:\\\/\\\/cle.fr\\\/fr\\\/?s={search_term_string}\"},\"query-input\":{\"@type\":\"PropertyValueSpecification\",\"valueRequired\":true,\"valueName\":\"search_term_string\"}}],\"inLanguage\":\"fr-FR\"},{\"@type\":\"Organization\",\"@id\":\"https:\\\/\\\/cle.fr\\\/fr\\\/#organization\",\"name\":\"\u00c9cole Cl\u00e9\",\"url\":\"https:\\\/\\\/cle.fr\\\/fr\\\/\",\"logo\":{\"@type\":\"ImageObject\",\"inLanguage\":\"fr-FR\",\"@id\":\"https:\\\/\\\/cle.fr\\\/fr\\\/#\\\/schema\\\/logo\\\/image\\\/\",\"url\":\"https:\\\/\\\/cle.fr\\\/wp-content\\\/uploads\\\/2025\\\/05\\\/Logo-cle-blanc.webp\",\"contentUrl\":\"https:\\\/\\\/cle.fr\\\/wp-content\\\/uploads\\\/2025\\\/05\\\/Logo-cle-blanc.webp\",\"width\":114,\"height\":147,\"caption\":\"\u00c9cole Cl\u00e9\"},\"image\":{\"@id\":\"https:\\\/\\\/cle.fr\\\/fr\\\/#\\\/schema\\\/logo\\\/image\\\/\"},\"sameAs\":[\"https:\\\/\\\/www.facebook.com\\\/ecole.cle\",\"https:\\\/\\\/www.instagram.com\\\/ecolecle\\\/\"]}]}<\/script>\n<!-- \/ Yoast SEO plugin. -->","yoast_head_json":{"title":"Cours collectif en ligne - \u00c9cole Cl\u00e9","robots":{"index":"index","follow":"follow","max-snippet":"max-snippet:-1","max-image-preview":"max-image-preview:large","max-video-preview":"max-video-preview:-1"},"canonical":"https:\/\/cle.fr\/fr\/produit\/cours-collectif-en-ligne\/","og_locale":"fr_FR","og_type":"article","og_title":"Cours collectif en ligne - \u00c9cole Cl\u00e9","og_description":"Un cours virtuel individuel d\u2019une heure con\u00e7u pour vous permettre de renforcer et d\u2019\u00e9largir vos comp\u00e9tences, avec un planning flexible. Groupe de 3\u20135 \u00e9tudiants.","og_url":"https:\/\/cle.fr\/fr\/produit\/cours-collectif-en-ligne\/","og_site_name":"\u00c9cole Cl\u00e9","article_publisher":"https:\/\/www.facebook.com\/ecole.cle","article_modified_time":"2025-10-03T12:47:38+00:00","twitter_card":"summary_large_image","twitter_misc":{"Dur\u00e9e de lecture estim\u00e9e":"1 minute"},"schema":{"@context":"https:\/\/schema.org","@graph":[{"@type":"WebPage","@id":"https:\/\/cle.fr\/fr\/produit\/cours-collectif-en-ligne\/","url":"https:\/\/cle.fr\/fr\/produit\/cours-collectif-en-ligne\/","name":"Cours collectif en ligne - \u00c9cole Cl\u00e9","isPartOf":{"@id":"https:\/\/cle.fr\/fr\/#website"},"datePublished":"2025-07-24T12:42:55+00:00","dateModified":"2025-10-03T12:47:38+00:00","breadcrumb":{"@id":"https:\/\/cle.fr\/fr\/produit\/cours-collectif-en-ligne\/#breadcrumb"},"inLanguage":"fr-FR","potentialAction":[{"@type":"ReadAction","target":["https:\/\/cle.fr\/fr\/produit\/cours-collectif-en-ligne\/"]}]},{"@type":"BreadcrumbList","@id":"https:\/\/cle.fr\/fr\/produit\/cours-collectif-en-ligne\/#breadcrumb","itemListElement":[{"@type":"ListItem","position":1,"name":"Accueil","item":"https:\/\/cle.fr\/fr\/"},{"@type":"ListItem","position":2,"name":"Nos prix","item":"https:\/\/cle.fr\/fr\/prix\/"},{"@type":"ListItem","position":3,"name":"Cours collectif en ligne"}]},{"@type":"WebSite","@id":"https:\/\/cle.fr\/fr\/#website","url":"https:\/\/cle.fr\/fr\/","name":"\u00c9cole Cl\u00e9","description":"Learn French in Tours or Lyon with CL\u00c9 School: small classes, mature students, fast progress, and personalized cultural immersion experiences.","publisher":{"@id":"https:\/\/cle.fr\/fr\/#organization"},"alternateName":"Centre Linguistique pour Etrangers","potentialAction":[{"@type":"SearchAction","target":{"@type":"EntryPoint","urlTemplate":"https:\/\/cle.fr\/fr\/?s={search_term_string}"},"query-input":{"@type":"PropertyValueSpecification","valueRequired":true,"valueName":"search_term_string"}}],"inLanguage":"fr-FR"},{"@type":"Organization","@id":"https:\/\/cle.fr\/fr\/#organization","name":"\u00c9cole Cl\u00e9","url":"https:\/\/cle.fr\/fr\/","logo":{"@type":"ImageObject","inLanguage":"fr-FR","@id":"https:\/\/cle.fr\/fr\/#\/schema\/logo\/image\/","url":"https:\/\/cle.fr\/wp-content\/uploads\/2025\/05\/Logo-cle-blanc.webp","contentUrl":"https:\/\/cle.fr\/wp-content\/uploads\/2025\/05\/Logo-cle-blanc.webp","width":114,"height":147,"caption":"\u00c9cole Cl\u00e9"},"image":{"@id":"https:\/\/cle.fr\/fr\/#\/schema\/logo\/image\/"},"sameAs":["https:\/\/www.facebook.com\/ecole.cle","https:\/\/www.instagram.com\/ecolecle\/"]}]}},"_links":{"self":[{"href":"https:\/\/cle.fr\/fr\/wp-json\/wp\/v2\/product\/1269","targetHints":{"allow":["GET"]}}],"collection":[{"href":"https:\/\/cle.fr\/fr\/wp-json\/wp\/v2\/product"}],"about":[{"href":"https:\/\/cle.fr\/fr\/wp-json\/wp\/v2\/types\/product"}],"wp:attachment":[{"href":"https:\/\/cle.fr\/fr\/wp-json\/wp\/v2\/media?parent=1269"}],"wp:term":[{"taxonomy":"product_brand","embeddable":true,"href":"https:\/\/cle.fr\/fr\/wp-json\/wp\/v2\/product_brand?post=1269"},{"taxonomy":"product_cat","embeddable":true,"href":"https:\/\/cle.fr\/fr\/wp-json\/wp\/v2\/product_cat?post=1269"},{"taxonomy":"product_tag","embeddable":true,"href":"https:\/\/cle.fr\/fr\/wp-json\/wp\/v2\/product_tag?post=1269"}],"curies":[{"name":"wp","href":"https:\/\/api.w.org\/{rel}","templated":true}]}}