{"id":1268,"date":"2025-07-24T14:42:56","date_gmt":"2025-07-24T12:42:56","guid":{"rendered":"http:\/\/cle.fr\/product\/delf-dalf-1-semaine\/"},"modified":"2025-10-03T14:47:37","modified_gmt":"2025-10-03T12:47:37","slug":"delf-dalf-1-semaine","status":"publish","type":"product","link":"https:\/\/cle.fr\/fr\/produit\/delf-dalf-1-semaine\/","title":{"rendered":"Delf-Dalf &#8211; 1 semaine"},"content":{"rendered":"<div class=\"course-details\">The DELF and DALF validate skills in French. These official diplomas are valid for life. This DELF-DALF preparation course is designed to effectively guide you in mastering the skills needed to succeed in these official French language diplomas. You will work on the four key areas: listening comprehension, reading comprehension, writing, and speaking. Through targeted exercises, exam simulations, and personalized support, you will gain confidence and develop strategies to approach each test with ease. You will benefit of 17h of group classes on general French and 13h of private classes in the afternoon. To get started, complete an online placement test to assess your current level. Please note that a minimum level of<br \/>\nB1 is required to enroll.<\/div>\n","protected":false},"excerpt":{"rendered":"<p>Programme intensif de pr\u00e9paration aux examens DELF et DALF : 30 heures r\u00e9parties sur trois semaines, en petits groupes de 3 \u00e0 7 \u00e9tudiants.<\/p>\n","protected":false},"featured_media":0,"template":"","meta":{"_acf_changed":false},"product_brand":[],"product_cat":[45],"product_tag":[],"class_list":{"0":"post-1268","1":"product","2":"type-product","3":"status-publish","5":"product_cat-delf-dalf-programme","7":"first","8":"instock","9":"virtual","10":"taxable","11":"purchasable","12":"product-type-simple"},"acf":[],"yoast_head":"<!-- This site is optimized with the Yoast SEO plugin v27.3 - https:\/\/yoast.com\/product\/yoast-seo-wordpress\/ -->\n<title>Delf-Dalf - 1 semaine - \u00c9cole Cl\u00e9<\/title>\n<meta name=\"robots\" content=\"index, follow, max-snippet:-1, max-image-preview:large, max-video-preview:-1\" \/>\n<link rel=\"canonical\" href=\"https:\/\/cle.fr\/fr\/produit\/delf-dalf-1-semaine\/\" \/>\n<meta property=\"og:locale\" content=\"fr_FR\" \/>\n<meta property=\"og:type\" content=\"article\" \/>\n<meta property=\"og:title\" content=\"Delf-Dalf - 1 semaine - \u00c9cole Cl\u00e9\" \/>\n<meta property=\"og:description\" content=\"Programme intensif de pr\u00e9paration aux examens DELF et DALF : 30 heures r\u00e9parties sur trois semaines, en petits groupes de 3 \u00e0 7 \u00e9tudiants.\" \/>\n<meta property=\"og:url\" content=\"https:\/\/cle.fr\/fr\/produit\/delf-dalf-1-semaine\/\" \/>\n<meta property=\"og:site_name\" content=\"\u00c9cole Cl\u00e9\" \/>\n<meta property=\"article:publisher\" content=\"https:\/\/www.facebook.com\/ecole.cle\" \/>\n<meta property=\"article:modified_time\" content=\"2025-10-03T12:47:37+00:00\" \/>\n<meta name=\"twitter:card\" content=\"summary_large_image\" \/>\n<meta name=\"twitter:label1\" content=\"Dur\u00e9e de lecture estim\u00e9e\" \/>\n\t<meta name=\"twitter:data1\" content=\"1 minute\" \/>\n<script type=\"application\/ld+json\" class=\"yoast-schema-graph\">{\"@context\":\"https:\\\/\\\/schema.org\",\"@graph\":[{\"@type\":\"WebPage\",\"@id\":\"https:\\\/\\\/cle.fr\\\/fr\\\/produit\\\/delf-dalf-1-semaine\\\/\",\"url\":\"https:\\\/\\\/cle.fr\\\/fr\\\/produit\\\/delf-dalf-1-semaine\\\/\",\"name\":\"Delf-Dalf - 1 semaine - \u00c9cole Cl\u00e9\",\"isPartOf\":{\"@id\":\"https:\\\/\\\/cle.fr\\\/fr\\\/#website\"},\"datePublished\":\"2025-07-24T12:42:56+00:00\",\"dateModified\":\"2025-10-03T12:47:37+00:00\",\"breadcrumb\":{\"@id\":\"https:\\\/\\\/cle.fr\\\/fr\\\/produit\\\/delf-dalf-1-semaine\\\/#breadcrumb\"},\"inLanguage\":\"fr-FR\",\"potentialAction\":[{\"@type\":\"ReadAction\",\"target\":[\"https:\\\/\\\/cle.fr\\\/fr\\\/produit\\\/delf-dalf-1-semaine\\\/\"]}]},{\"@type\":\"BreadcrumbList\",\"@id\":\"https:\\\/\\\/cle.fr\\\/fr\\\/produit\\\/delf-dalf-1-semaine\\\/#breadcrumb\",\"itemListElement\":[{\"@type\":\"ListItem\",\"position\":1,\"name\":\"Accueil\",\"item\":\"https:\\\/\\\/cle.fr\\\/fr\\\/\"},{\"@type\":\"ListItem\",\"position\":2,\"name\":\"Nos prix\",\"item\":\"https:\\\/\\\/cle.fr\\\/fr\\\/prix\\\/\"},{\"@type\":\"ListItem\",\"position\":3,\"name\":\"Delf-Dalf &#8211; 1 semaine\"}]},{\"@type\":\"WebSite\",\"@id\":\"https:\\\/\\\/cle.fr\\\/fr\\\/#website\",\"url\":\"https:\\\/\\\/cle.fr\\\/fr\\\/\",\"name\":\"\u00c9cole Cl\u00e9\",\"description\":\"Learn French in Tours or Lyon with CL\u00c9 School: small classes, mature students, fast progress, and personalized cultural immersion experiences.\",\"publisher\":{\"@id\":\"https:\\\/\\\/cle.fr\\\/fr\\\/#organization\"},\"alternateName\":\"Centre Linguistique pour Etrangers\",\"potentialAction\":[{\"@type\":\"SearchAction\",\"target\":{\"@type\":\"EntryPoint\",\"urlTemplate\":\"https:\\\/\\\/cle.fr\\\/fr\\\/?s={search_term_string}\"},\"query-input\":{\"@type\":\"PropertyValueSpecification\",\"valueRequired\":true,\"valueName\":\"search_term_string\"}}],\"inLanguage\":\"fr-FR\"},{\"@type\":\"Organization\",\"@id\":\"https:\\\/\\\/cle.fr\\\/fr\\\/#organization\",\"name\":\"\u00c9cole Cl\u00e9\",\"url\":\"https:\\\/\\\/cle.fr\\\/fr\\\/\",\"logo\":{\"@type\":\"ImageObject\",\"inLanguage\":\"fr-FR\",\"@id\":\"https:\\\/\\\/cle.fr\\\/fr\\\/#\\\/schema\\\/logo\\\/image\\\/\",\"url\":\"https:\\\/\\\/cle.fr\\\/wp-content\\\/uploads\\\/2025\\\/05\\\/Logo-cle-blanc.webp\",\"contentUrl\":\"https:\\\/\\\/cle.fr\\\/wp-content\\\/uploads\\\/2025\\\/05\\\/Logo-cle-blanc.webp\",\"width\":114,\"height\":147,\"caption\":\"\u00c9cole Cl\u00e9\"},\"image\":{\"@id\":\"https:\\\/\\\/cle.fr\\\/fr\\\/#\\\/schema\\\/logo\\\/image\\\/\"},\"sameAs\":[\"https:\\\/\\\/www.facebook.com\\\/ecole.cle\",\"https:\\\/\\\/www.instagram.com\\\/ecolecle\\\/\"]}]}<\/script>\n<!-- \/ Yoast SEO plugin. -->","yoast_head_json":{"title":"Delf-Dalf - 1 semaine - \u00c9cole Cl\u00e9","robots":{"index":"index","follow":"follow","max-snippet":"max-snippet:-1","max-image-preview":"max-image-preview:large","max-video-preview":"max-video-preview:-1"},"canonical":"https:\/\/cle.fr\/fr\/produit\/delf-dalf-1-semaine\/","og_locale":"fr_FR","og_type":"article","og_title":"Delf-Dalf - 1 semaine - \u00c9cole Cl\u00e9","og_description":"Programme intensif de pr\u00e9paration aux examens DELF et DALF : 30 heures r\u00e9parties sur trois semaines, en petits groupes de 3 \u00e0 7 \u00e9tudiants.","og_url":"https:\/\/cle.fr\/fr\/produit\/delf-dalf-1-semaine\/","og_site_name":"\u00c9cole Cl\u00e9","article_publisher":"https:\/\/www.facebook.com\/ecole.cle","article_modified_time":"2025-10-03T12:47:37+00:00","twitter_card":"summary_large_image","twitter_misc":{"Dur\u00e9e de lecture estim\u00e9e":"1 minute"},"schema":{"@context":"https:\/\/schema.org","@graph":[{"@type":"WebPage","@id":"https:\/\/cle.fr\/fr\/produit\/delf-dalf-1-semaine\/","url":"https:\/\/cle.fr\/fr\/produit\/delf-dalf-1-semaine\/","name":"Delf-Dalf - 1 semaine - \u00c9cole Cl\u00e9","isPartOf":{"@id":"https:\/\/cle.fr\/fr\/#website"},"datePublished":"2025-07-24T12:42:56+00:00","dateModified":"2025-10-03T12:47:37+00:00","breadcrumb":{"@id":"https:\/\/cle.fr\/fr\/produit\/delf-dalf-1-semaine\/#breadcrumb"},"inLanguage":"fr-FR","potentialAction":[{"@type":"ReadAction","target":["https:\/\/cle.fr\/fr\/produit\/delf-dalf-1-semaine\/"]}]},{"@type":"BreadcrumbList","@id":"https:\/\/cle.fr\/fr\/produit\/delf-dalf-1-semaine\/#breadcrumb","itemListElement":[{"@type":"ListItem","position":1,"name":"Accueil","item":"https:\/\/cle.fr\/fr\/"},{"@type":"ListItem","position":2,"name":"Nos prix","item":"https:\/\/cle.fr\/fr\/prix\/"},{"@type":"ListItem","position":3,"name":"Delf-Dalf &#8211; 1 semaine"}]},{"@type":"WebSite","@id":"https:\/\/cle.fr\/fr\/#website","url":"https:\/\/cle.fr\/fr\/","name":"\u00c9cole Cl\u00e9","description":"Learn French in Tours or Lyon with CL\u00c9 School: small classes, mature students, fast progress, and personalized cultural immersion experiences.","publisher":{"@id":"https:\/\/cle.fr\/fr\/#organization"},"alternateName":"Centre Linguistique pour Etrangers","potentialAction":[{"@type":"SearchAction","target":{"@type":"EntryPoint","urlTemplate":"https:\/\/cle.fr\/fr\/?s={search_term_string}"},"query-input":{"@type":"PropertyValueSpecification","valueRequired":true,"valueName":"search_term_string"}}],"inLanguage":"fr-FR"},{"@type":"Organization","@id":"https:\/\/cle.fr\/fr\/#organization","name":"\u00c9cole Cl\u00e9","url":"https:\/\/cle.fr\/fr\/","logo":{"@type":"ImageObject","inLanguage":"fr-FR","@id":"https:\/\/cle.fr\/fr\/#\/schema\/logo\/image\/","url":"https:\/\/cle.fr\/wp-content\/uploads\/2025\/05\/Logo-cle-blanc.webp","contentUrl":"https:\/\/cle.fr\/wp-content\/uploads\/2025\/05\/Logo-cle-blanc.webp","width":114,"height":147,"caption":"\u00c9cole Cl\u00e9"},"image":{"@id":"https:\/\/cle.fr\/fr\/#\/schema\/logo\/image\/"},"sameAs":["https:\/\/www.facebook.com\/ecole.cle","https:\/\/www.instagram.com\/ecolecle\/"]}]}},"_links":{"self":[{"href":"https:\/\/cle.fr\/fr\/wp-json\/wp\/v2\/product\/1268","targetHints":{"allow":["GET"]}}],"collection":[{"href":"https:\/\/cle.fr\/fr\/wp-json\/wp\/v2\/product"}],"about":[{"href":"https:\/\/cle.fr\/fr\/wp-json\/wp\/v2\/types\/product"}],"wp:attachment":[{"href":"https:\/\/cle.fr\/fr\/wp-json\/wp\/v2\/media?parent=1268"}],"wp:term":[{"taxonomy":"product_brand","embeddable":true,"href":"https:\/\/cle.fr\/fr\/wp-json\/wp\/v2\/product_brand?post=1268"},{"taxonomy":"product_cat","embeddable":true,"href":"https:\/\/cle.fr\/fr\/wp-json\/wp\/v2\/product_cat?post=1268"},{"taxonomy":"product_tag","embeddable":true,"href":"https:\/\/cle.fr\/fr\/wp-json\/wp\/v2\/product_tag?post=1268"}],"curies":[{"name":"wp","href":"https:\/\/api.w.org\/{rel}","templated":true}]}}