{"id":1248,"date":"2025-07-24T14:43:05","date_gmt":"2025-07-24T12:43:05","guid":{"rendered":"http:\/\/cle.fr\/product\/cours-hybrides-20h-2h\/"},"modified":"2025-10-03T10:11:29","modified_gmt":"2025-10-03T08:11:29","slug":"cours-hybrides-20h-2h","status":"publish","type":"product","link":"https:\/\/cle.fr\/fr\/produit\/cours-hybrides-20h-2h\/","title":{"rendered":"Cours hybrides 20h + 2h"},"content":{"rendered":"<p>In this course, you will improve your skills through dynamic group classes while also benefiting from a one-on-one private lesson, allowing you to focus on specific topics or challenges. Educational materials are provided throughout the course to support both classroom learning and independent study. The cost of all materials is included in the \u20ac80 registration fee, which is a one-time payment due at enrollment. You will learn to manage everyday tasks in a French-speaking environment while communicating with ease and understanding native speakers. Each group session lasts 45 minutes and includes written exercises designed to reinforce key grammar points and expand your vocabulary. In addition, your private teacher will offer personalized guidance tailored to your individual learning needs. Before starting, you will complete an online placement test.<\/p>\n","protected":false},"excerpt":{"rendered":"<p>Dans ce cours d\u2019une semaine, vous suivrez 22 heures d\u2019apprentissage, combinant 20 heures de cours en groupe et 2 heures de cours particuliers. Les groupes sont limit\u00e9s \u00e0 7 \u00e9tudiants maximum afin d\u2019assurer une attention personnalis\u00e9e et un apprentissage efficace.<\/p>\n","protected":false},"featured_media":0,"template":"","meta":{"_acf_changed":false},"product_brand":[],"product_cat":[42],"product_tag":[],"class_list":{"0":"post-1248","1":"product","2":"type-product","3":"status-publish","5":"product_cat-cours-hybrides","7":"first","8":"instock","9":"virtual","10":"taxable","11":"purchasable","12":"product-type-simple"},"acf":[],"yoast_head":"<!-- This site is optimized with the Yoast SEO plugin v27.4 - https:\/\/yoast.com\/product\/yoast-seo-wordpress\/ -->\n<title>Cours hybrides 20h + 2h - \u00c9cole Cl\u00e9<\/title>\n<meta name=\"robots\" content=\"index, follow, max-snippet:-1, max-image-preview:large, max-video-preview:-1\" \/>\n<link rel=\"canonical\" href=\"https:\/\/cle.fr\/fr\/produit\/cours-hybrides-20h-2h\/\" \/>\n<meta property=\"og:locale\" content=\"fr_FR\" \/>\n<meta property=\"og:type\" content=\"article\" \/>\n<meta property=\"og:title\" content=\"Cours hybrides 20h + 2h - \u00c9cole Cl\u00e9\" \/>\n<meta property=\"og:description\" content=\"Dans ce cours d\u2019une semaine, vous suivrez 22 heures d\u2019apprentissage, combinant 20 heures de cours en groupe et 2 heures de cours particuliers. Les groupes sont limit\u00e9s \u00e0 7 \u00e9tudiants maximum afin d\u2019assurer une attention personnalis\u00e9e et un apprentissage efficace.\" \/>\n<meta property=\"og:url\" content=\"https:\/\/cle.fr\/fr\/produit\/cours-hybrides-20h-2h\/\" \/>\n<meta property=\"og:site_name\" content=\"\u00c9cole Cl\u00e9\" \/>\n<meta property=\"article:publisher\" content=\"https:\/\/www.facebook.com\/ecole.cle\" \/>\n<meta property=\"article:modified_time\" content=\"2025-10-03T08:11:29+00:00\" \/>\n<meta name=\"twitter:card\" content=\"summary_large_image\" \/>\n<meta name=\"twitter:label1\" content=\"Dur\u00e9e de lecture estim\u00e9e\" \/>\n\t<meta name=\"twitter:data1\" content=\"1 minute\" \/>\n<script type=\"application\/ld+json\" class=\"yoast-schema-graph\">{\"@context\":\"https:\\\/\\\/schema.org\",\"@graph\":[{\"@type\":\"WebPage\",\"@id\":\"https:\\\/\\\/cle.fr\\\/fr\\\/produit\\\/cours-hybrides-20h-2h\\\/\",\"url\":\"https:\\\/\\\/cle.fr\\\/fr\\\/produit\\\/cours-hybrides-20h-2h\\\/\",\"name\":\"Cours hybrides 20h + 2h - \u00c9cole Cl\u00e9\",\"isPartOf\":{\"@id\":\"https:\\\/\\\/cle.fr\\\/fr\\\/#website\"},\"datePublished\":\"2025-07-24T12:43:05+00:00\",\"dateModified\":\"2025-10-03T08:11:29+00:00\",\"breadcrumb\":{\"@id\":\"https:\\\/\\\/cle.fr\\\/fr\\\/produit\\\/cours-hybrides-20h-2h\\\/#breadcrumb\"},\"inLanguage\":\"fr-FR\",\"potentialAction\":[{\"@type\":\"ReadAction\",\"target\":[\"https:\\\/\\\/cle.fr\\\/fr\\\/produit\\\/cours-hybrides-20h-2h\\\/\"]}]},{\"@type\":\"BreadcrumbList\",\"@id\":\"https:\\\/\\\/cle.fr\\\/fr\\\/produit\\\/cours-hybrides-20h-2h\\\/#breadcrumb\",\"itemListElement\":[{\"@type\":\"ListItem\",\"position\":1,\"name\":\"Accueil\",\"item\":\"https:\\\/\\\/cle.fr\\\/fr\\\/\"},{\"@type\":\"ListItem\",\"position\":2,\"name\":\"Nos prix\",\"item\":\"https:\\\/\\\/cle.fr\\\/fr\\\/prix\\\/\"},{\"@type\":\"ListItem\",\"position\":3,\"name\":\"Cours hybrides 20h + 2h\"}]},{\"@type\":\"WebSite\",\"@id\":\"https:\\\/\\\/cle.fr\\\/fr\\\/#website\",\"url\":\"https:\\\/\\\/cle.fr\\\/fr\\\/\",\"name\":\"\u00c9cole Cl\u00e9\",\"description\":\"Learn French in Tours or Lyon with CL\u00c9 School: small classes, mature students, fast progress, and personalized cultural immersion experiences.\",\"publisher\":{\"@id\":\"https:\\\/\\\/cle.fr\\\/fr\\\/#organization\"},\"alternateName\":\"Centre Linguistique pour Etrangers\",\"potentialAction\":[{\"@type\":\"SearchAction\",\"target\":{\"@type\":\"EntryPoint\",\"urlTemplate\":\"https:\\\/\\\/cle.fr\\\/fr\\\/?s={search_term_string}\"},\"query-input\":{\"@type\":\"PropertyValueSpecification\",\"valueRequired\":true,\"valueName\":\"search_term_string\"}}],\"inLanguage\":\"fr-FR\"},{\"@type\":\"Organization\",\"@id\":\"https:\\\/\\\/cle.fr\\\/fr\\\/#organization\",\"name\":\"\u00c9cole Cl\u00e9\",\"url\":\"https:\\\/\\\/cle.fr\\\/fr\\\/\",\"logo\":{\"@type\":\"ImageObject\",\"inLanguage\":\"fr-FR\",\"@id\":\"https:\\\/\\\/cle.fr\\\/fr\\\/#\\\/schema\\\/logo\\\/image\\\/\",\"url\":\"https:\\\/\\\/cle.fr\\\/wp-content\\\/uploads\\\/2025\\\/05\\\/Logo-cle-blanc.webp\",\"contentUrl\":\"https:\\\/\\\/cle.fr\\\/wp-content\\\/uploads\\\/2025\\\/05\\\/Logo-cle-blanc.webp\",\"width\":114,\"height\":147,\"caption\":\"\u00c9cole Cl\u00e9\"},\"image\":{\"@id\":\"https:\\\/\\\/cle.fr\\\/fr\\\/#\\\/schema\\\/logo\\\/image\\\/\"},\"sameAs\":[\"https:\\\/\\\/www.facebook.com\\\/ecole.cle\",\"https:\\\/\\\/www.instagram.com\\\/ecolecle\\\/\"]}]}<\/script>\n<!-- \/ Yoast SEO plugin. -->","yoast_head_json":{"title":"Cours hybrides 20h + 2h - \u00c9cole Cl\u00e9","robots":{"index":"index","follow":"follow","max-snippet":"max-snippet:-1","max-image-preview":"max-image-preview:large","max-video-preview":"max-video-preview:-1"},"canonical":"https:\/\/cle.fr\/fr\/produit\/cours-hybrides-20h-2h\/","og_locale":"fr_FR","og_type":"article","og_title":"Cours hybrides 20h + 2h - \u00c9cole Cl\u00e9","og_description":"Dans ce cours d\u2019une semaine, vous suivrez 22 heures d\u2019apprentissage, combinant 20 heures de cours en groupe et 2 heures de cours particuliers. Les groupes sont limit\u00e9s \u00e0 7 \u00e9tudiants maximum afin d\u2019assurer une attention personnalis\u00e9e et un apprentissage efficace.","og_url":"https:\/\/cle.fr\/fr\/produit\/cours-hybrides-20h-2h\/","og_site_name":"\u00c9cole Cl\u00e9","article_publisher":"https:\/\/www.facebook.com\/ecole.cle","article_modified_time":"2025-10-03T08:11:29+00:00","twitter_card":"summary_large_image","twitter_misc":{"Dur\u00e9e de lecture estim\u00e9e":"1 minute"},"schema":{"@context":"https:\/\/schema.org","@graph":[{"@type":"WebPage","@id":"https:\/\/cle.fr\/fr\/produit\/cours-hybrides-20h-2h\/","url":"https:\/\/cle.fr\/fr\/produit\/cours-hybrides-20h-2h\/","name":"Cours hybrides 20h + 2h - \u00c9cole Cl\u00e9","isPartOf":{"@id":"https:\/\/cle.fr\/fr\/#website"},"datePublished":"2025-07-24T12:43:05+00:00","dateModified":"2025-10-03T08:11:29+00:00","breadcrumb":{"@id":"https:\/\/cle.fr\/fr\/produit\/cours-hybrides-20h-2h\/#breadcrumb"},"inLanguage":"fr-FR","potentialAction":[{"@type":"ReadAction","target":["https:\/\/cle.fr\/fr\/produit\/cours-hybrides-20h-2h\/"]}]},{"@type":"BreadcrumbList","@id":"https:\/\/cle.fr\/fr\/produit\/cours-hybrides-20h-2h\/#breadcrumb","itemListElement":[{"@type":"ListItem","position":1,"name":"Accueil","item":"https:\/\/cle.fr\/fr\/"},{"@type":"ListItem","position":2,"name":"Nos prix","item":"https:\/\/cle.fr\/fr\/prix\/"},{"@type":"ListItem","position":3,"name":"Cours hybrides 20h + 2h"}]},{"@type":"WebSite","@id":"https:\/\/cle.fr\/fr\/#website","url":"https:\/\/cle.fr\/fr\/","name":"\u00c9cole Cl\u00e9","description":"Learn French in Tours or Lyon with CL\u00c9 School: small classes, mature students, fast progress, and personalized cultural immersion experiences.","publisher":{"@id":"https:\/\/cle.fr\/fr\/#organization"},"alternateName":"Centre Linguistique pour Etrangers","potentialAction":[{"@type":"SearchAction","target":{"@type":"EntryPoint","urlTemplate":"https:\/\/cle.fr\/fr\/?s={search_term_string}"},"query-input":{"@type":"PropertyValueSpecification","valueRequired":true,"valueName":"search_term_string"}}],"inLanguage":"fr-FR"},{"@type":"Organization","@id":"https:\/\/cle.fr\/fr\/#organization","name":"\u00c9cole Cl\u00e9","url":"https:\/\/cle.fr\/fr\/","logo":{"@type":"ImageObject","inLanguage":"fr-FR","@id":"https:\/\/cle.fr\/fr\/#\/schema\/logo\/image\/","url":"https:\/\/cle.fr\/wp-content\/uploads\/2025\/05\/Logo-cle-blanc.webp","contentUrl":"https:\/\/cle.fr\/wp-content\/uploads\/2025\/05\/Logo-cle-blanc.webp","width":114,"height":147,"caption":"\u00c9cole Cl\u00e9"},"image":{"@id":"https:\/\/cle.fr\/fr\/#\/schema\/logo\/image\/"},"sameAs":["https:\/\/www.facebook.com\/ecole.cle","https:\/\/www.instagram.com\/ecolecle\/"]}]}},"_links":{"self":[{"href":"https:\/\/cle.fr\/fr\/wp-json\/wp\/v2\/product\/1248","targetHints":{"allow":["GET"]}}],"collection":[{"href":"https:\/\/cle.fr\/fr\/wp-json\/wp\/v2\/product"}],"about":[{"href":"https:\/\/cle.fr\/fr\/wp-json\/wp\/v2\/types\/product"}],"wp:attachment":[{"href":"https:\/\/cle.fr\/fr\/wp-json\/wp\/v2\/media?parent=1248"}],"wp:term":[{"taxonomy":"product_brand","embeddable":true,"href":"https:\/\/cle.fr\/fr\/wp-json\/wp\/v2\/product_brand?post=1248"},{"taxonomy":"product_cat","embeddable":true,"href":"https:\/\/cle.fr\/fr\/wp-json\/wp\/v2\/product_cat?post=1248"},{"taxonomy":"product_tag","embeddable":true,"href":"https:\/\/cle.fr\/fr\/wp-json\/wp\/v2\/product_tag?post=1248"}],"curies":[{"name":"wp","href":"https:\/\/api.w.org\/{rel}","templated":true}]}}