{"id":401875,"date":"2026-01-20T22:36:32","date_gmt":"2026-01-20T21:36:32","guid":{"rendered":"https:\/\/cle.fr\/lecons\/examens-et-certification\/"},"modified":"2026-01-24T20:35:04","modified_gmt":"2026-01-24T19:35:04","slug":"examens-et-certification","status":"publish","type":"page","link":"https:\/\/cle.fr\/fr\/examens-et-certification\/","title":{"rendered":"Examens et certification"},"content":{"rendered":"\n<p>Si vous souhaitez certifier votre niveau de fran\u00e7ais, CL\u00c9 propose une gamme de dipl\u00f4mes et d\u2019examens. Vous y trouverez toutes les informations essentielles concernant les \u00e9valuations, les dates, les lieux d\u2019examen et le processus d\u2019inscription. <\/p>\n\n<div class=\"wp-block-columns is-layout-flex wp-container-core-columns-is-layout-9d6595d7 wp-block-columns-is-layout-flex\">\n<div class=\"wp-block-column is-layout-flow wp-block-column-is-layout-flow\">\n<figure class=\"wp-block-image size-large\"><img loading=\"lazy\" decoding=\"async\" width=\"1024\" height=\"1024\" src=\"https:\/\/cle.fr\/wp-content\/uploads\/2026\/01\/Examens-DELF-DALF-1024x1024.png\" alt=\"\" class=\"wp-image-392930\" srcset=\"https:\/\/cle.fr\/wp-content\/uploads\/2026\/01\/Examens-DELF-DALF-1024x1024.png 1024w, https:\/\/cle.fr\/wp-content\/uploads\/2026\/01\/Examens-DELF-DALF-300x300.png 300w, https:\/\/cle.fr\/wp-content\/uploads\/2026\/01\/Examens-DELF-DALF-150x150.png 150w, https:\/\/cle.fr\/wp-content\/uploads\/2026\/01\/Examens-DELF-DALF-768x768.png 768w, https:\/\/cle.fr\/wp-content\/uploads\/2026\/01\/Examens-DELF-DALF-600x600.png 600w, https:\/\/cle.fr\/wp-content\/uploads\/2026\/01\/Examens-DELF-DALF-100x100.png 100w, https:\/\/cle.fr\/wp-content\/uploads\/2026\/01\/Examens-DELF-DALF.png 1080w\" sizes=\"auto, (max-width: 1024px) 100vw, 1024px\" \/><\/figure>\n<\/div>\n\n\n\n<div class=\"wp-block-column is-layout-flow wp-block-column-is-layout-flow\">\n<figure class=\"wp-block-image size-large\"><img loading=\"lazy\" decoding=\"async\" width=\"1024\" height=\"1024\" src=\"https:\/\/cle.fr\/wp-content\/uploads\/2025\/12\/TEF-IRN-1024x1024.png\" alt=\"\" class=\"wp-image-331806\" srcset=\"https:\/\/cle.fr\/wp-content\/uploads\/2025\/12\/TEF-IRN-1024x1024.png 1024w, https:\/\/cle.fr\/wp-content\/uploads\/2025\/12\/TEF-IRN-300x300.png 300w, https:\/\/cle.fr\/wp-content\/uploads\/2025\/12\/TEF-IRN-150x150.png 150w, https:\/\/cle.fr\/wp-content\/uploads\/2025\/12\/TEF-IRN-768x768.png 768w, https:\/\/cle.fr\/wp-content\/uploads\/2025\/12\/TEF-IRN-600x600.png 600w, https:\/\/cle.fr\/wp-content\/uploads\/2025\/12\/TEF-IRN-100x100.png 100w, https:\/\/cle.fr\/wp-content\/uploads\/2025\/12\/TEF-IRN.png 1080w\" sizes=\"auto, (max-width: 1024px) 100vw, 1024px\" \/><\/figure>\n<\/div>\n\n\n\n<div class=\"wp-block-column is-layout-flow wp-block-column-is-layout-flow\">\n<figure class=\"wp-block-gallery has-nested-images columns-default is-cropped wp-block-gallery-1 is-layout-flex wp-block-gallery-is-layout-flex\">\n<figure class=\"wp-block-image size-large\"><img loading=\"lazy\" decoding=\"async\" width=\"1024\" height=\"1024\" data-id=\"331811\" src=\"https:\/\/cle.fr\/wp-content\/uploads\/2025\/12\/TEF-Canada-1024x1024.png\" alt=\"\" class=\"wp-image-331811\" srcset=\"https:\/\/cle.fr\/wp-content\/uploads\/2025\/12\/TEF-Canada-1024x1024.png 1024w, https:\/\/cle.fr\/wp-content\/uploads\/2025\/12\/TEF-Canada-300x300.png 300w, https:\/\/cle.fr\/wp-content\/uploads\/2025\/12\/TEF-Canada-150x150.png 150w, https:\/\/cle.fr\/wp-content\/uploads\/2025\/12\/TEF-Canada-768x768.png 768w, https:\/\/cle.fr\/wp-content\/uploads\/2025\/12\/TEF-Canada-600x600.png 600w, https:\/\/cle.fr\/wp-content\/uploads\/2025\/12\/TEF-Canada-100x100.png 100w, https:\/\/cle.fr\/wp-content\/uploads\/2025\/12\/TEF-Canada.png 1080w\" sizes=\"auto, (max-width: 1024px) 100vw, 1024px\" \/><\/figure>\n<\/figure>\n<\/div>\n\n\n\n<div class=\"wp-block-column is-layout-flow wp-block-column-is-layout-flow\">\n<figure class=\"wp-block-image size-large\"><img loading=\"lazy\" decoding=\"async\" width=\"1024\" height=\"1024\" src=\"https:\/\/cle.fr\/wp-content\/uploads\/2025\/12\/Exam-Civique-1024x1024.png\" alt=\"\" class=\"wp-image-331693\" srcset=\"https:\/\/cle.fr\/wp-content\/uploads\/2025\/12\/Exam-Civique-1024x1024.png 1024w, https:\/\/cle.fr\/wp-content\/uploads\/2025\/12\/Exam-Civique-300x300.png 300w, https:\/\/cle.fr\/wp-content\/uploads\/2025\/12\/Exam-Civique-150x150.png 150w, https:\/\/cle.fr\/wp-content\/uploads\/2025\/12\/Exam-Civique-768x768.png 768w, https:\/\/cle.fr\/wp-content\/uploads\/2025\/12\/Exam-Civique-600x600.png 600w, https:\/\/cle.fr\/wp-content\/uploads\/2025\/12\/Exam-Civique-100x100.png 100w, https:\/\/cle.fr\/wp-content\/uploads\/2025\/12\/Exam-Civique.png 1080w\" sizes=\"auto, (max-width: 1024px) 100vw, 1024px\" \/><\/figure>\n<\/div>\n<\/div>\n\n<p>CL\u00c9 vous pr\u00e9pare \u00e0 passer les dipl\u00f4mes du DELF et du DALF.<\/p>\n\n<div style=\"height:57px\" aria-hidden=\"true\" class=\"wp-block-spacer\"><\/div>\n\n<p>Cl\u00e9 est \u00e9galement un centre accr\u00e9dit\u00e9 pour 3 examens diff\u00e9rents. Ces examens sont reconnus par : les autorit\u00e9s universitaires ; le minist\u00e8re fran\u00e7ais de l&rsquo;Enseignement sup\u00e9rieur, de la Recherche et de l&rsquo;Innovation ; le gouvernement canadien ; le gouvernement suisse ; les professionnels (y compris les associations m\u00e9dicales). <\/p>\n\n<div style=\"height:40px\" aria-hidden=\"true\" class=\"wp-block-spacer\"><\/div>\n\n<p>Vous pouvez r\u00e9server un cr\u00e9neau horaire ci-dessous :<\/p>\n\n<div class=\"wp-block-amelia-events-list-booking-gutenberg-block\">[ameliaeventslistbooking tag=\u00a0\u00bb{Exam}\u00a0\u00bb location=\u00a0\u00bb1&Prime;]<\/div>\n\n<p><\/p>\n","protected":false},"excerpt":{"rendered":"<p>Si vous souhaitez certifier votre niveau de fran\u00e7ais, CL\u00c9 propose une gamme de dipl\u00f4mes et d\u2019examens. Vous y trouverez toutes les informations essentielles concernant les \u00e9valuations, les dates, les lieux d\u2019examen et le processus d\u2019inscription. CL\u00c9 vous pr\u00e9pare \u00e0 passer les dipl\u00f4mes du DELF et du DALF. Cl\u00e9 est \u00e9galement un centre accr\u00e9dit\u00e9 pour 3 [&hellip;]<\/p>\n","protected":false},"author":2,"featured_media":0,"parent":0,"menu_order":0,"comment_status":"closed","ping_status":"closed","template":"","meta":{"_acf_changed":false,"footnotes":""},"class_list":["post-401875","page","type-page","status-publish","hentry"],"acf":[],"yoast_head":"<!-- This site is optimized with the Yoast SEO plugin v27.4 - https:\/\/yoast.com\/product\/yoast-seo-wordpress\/ -->\n<title>Examens et certification - \u00c9cole Cl\u00e9<\/title>\n<meta name=\"robots\" content=\"index, follow, max-snippet:-1, max-image-preview:large, max-video-preview:-1\" \/>\n<link rel=\"canonical\" href=\"https:\/\/cle.fr\/fr\/examens-et-certification\/\" \/>\n<meta property=\"og:locale\" content=\"fr_FR\" \/>\n<meta property=\"og:type\" content=\"article\" \/>\n<meta property=\"og:title\" content=\"Examens et certification - \u00c9cole Cl\u00e9\" \/>\n<meta property=\"og:description\" content=\"Si vous souhaitez certifier votre niveau de fran\u00e7ais, CL\u00c9 propose une gamme de dipl\u00f4mes et d\u2019examens. Vous y trouverez toutes les informations essentielles concernant les \u00e9valuations, les dates, les lieux d\u2019examen et le processus d\u2019inscription. CL\u00c9 vous pr\u00e9pare \u00e0 passer les dipl\u00f4mes du DELF et du DALF. Cl\u00e9 est \u00e9galement un centre accr\u00e9dit\u00e9 pour 3 [&hellip;]\" \/>\n<meta property=\"og:url\" content=\"https:\/\/cle.fr\/fr\/examens-et-certification\/\" \/>\n<meta property=\"og:site_name\" content=\"\u00c9cole Cl\u00e9\" \/>\n<meta property=\"article:publisher\" content=\"https:\/\/www.facebook.com\/ecole.cle\" \/>\n<meta property=\"article:modified_time\" content=\"2026-01-24T19:35:04+00:00\" \/>\n<meta property=\"og:image\" content=\"https:\/\/cle.fr\/wp-content\/uploads\/2026\/01\/Examens-DELF-DALF-1024x1024.png\" \/>\n<meta name=\"twitter:card\" content=\"summary_large_image\" \/>\n<meta name=\"twitter:label1\" content=\"Dur\u00e9e de lecture estim\u00e9e\" \/>\n\t<meta name=\"twitter:data1\" content=\"1 minute\" \/>\n<script type=\"application\/ld+json\" class=\"yoast-schema-graph\">{\"@context\":\"https:\\\/\\\/schema.org\",\"@graph\":[{\"@type\":\"WebPage\",\"@id\":\"https:\\\/\\\/cle.fr\\\/fr\\\/examens-et-certification\\\/\",\"url\":\"https:\\\/\\\/cle.fr\\\/fr\\\/examens-et-certification\\\/\",\"name\":\"Examens et certification - \u00c9cole Cl\u00e9\",\"isPartOf\":{\"@id\":\"https:\\\/\\\/cle.fr\\\/fr\\\/#website\"},\"primaryImageOfPage\":{\"@id\":\"https:\\\/\\\/cle.fr\\\/fr\\\/examens-et-certification\\\/#primaryimage\"},\"image\":{\"@id\":\"https:\\\/\\\/cle.fr\\\/fr\\\/examens-et-certification\\\/#primaryimage\"},\"thumbnailUrl\":\"https:\\\/\\\/cle.fr\\\/wp-content\\\/uploads\\\/2026\\\/01\\\/Examens-DELF-DALF-1024x1024.png\",\"datePublished\":\"2026-01-20T21:36:32+00:00\",\"dateModified\":\"2026-01-24T19:35:04+00:00\",\"breadcrumb\":{\"@id\":\"https:\\\/\\\/cle.fr\\\/fr\\\/examens-et-certification\\\/#breadcrumb\"},\"inLanguage\":\"fr-FR\",\"potentialAction\":[{\"@type\":\"ReadAction\",\"target\":[\"https:\\\/\\\/cle.fr\\\/fr\\\/examens-et-certification\\\/\"]}]},{\"@type\":\"ImageObject\",\"inLanguage\":\"fr-FR\",\"@id\":\"https:\\\/\\\/cle.fr\\\/fr\\\/examens-et-certification\\\/#primaryimage\",\"url\":\"https:\\\/\\\/cle.fr\\\/wp-content\\\/uploads\\\/2026\\\/01\\\/Examens-DELF-DALF-1024x1024.png\",\"contentUrl\":\"https:\\\/\\\/cle.fr\\\/wp-content\\\/uploads\\\/2026\\\/01\\\/Examens-DELF-DALF-1024x1024.png\"},{\"@type\":\"BreadcrumbList\",\"@id\":\"https:\\\/\\\/cle.fr\\\/fr\\\/examens-et-certification\\\/#breadcrumb\",\"itemListElement\":[{\"@type\":\"ListItem\",\"position\":1,\"name\":\"Accueil\",\"item\":\"https:\\\/\\\/cle.fr\\\/fr\\\/\"},{\"@type\":\"ListItem\",\"position\":2,\"name\":\"Examens et certification\"}]},{\"@type\":\"WebSite\",\"@id\":\"https:\\\/\\\/cle.fr\\\/fr\\\/#website\",\"url\":\"https:\\\/\\\/cle.fr\\\/fr\\\/\",\"name\":\"\u00c9cole Cl\u00e9\",\"description\":\"Learn French in Tours or Lyon with CL\u00c9 School: small classes, mature students, fast progress, and personalized cultural immersion experiences.\",\"publisher\":{\"@id\":\"https:\\\/\\\/cle.fr\\\/fr\\\/#organization\"},\"alternateName\":\"Centre Linguistique pour Etrangers\",\"potentialAction\":[{\"@type\":\"SearchAction\",\"target\":{\"@type\":\"EntryPoint\",\"urlTemplate\":\"https:\\\/\\\/cle.fr\\\/fr\\\/?s={search_term_string}\"},\"query-input\":{\"@type\":\"PropertyValueSpecification\",\"valueRequired\":true,\"valueName\":\"search_term_string\"}}],\"inLanguage\":\"fr-FR\"},{\"@type\":\"Organization\",\"@id\":\"https:\\\/\\\/cle.fr\\\/fr\\\/#organization\",\"name\":\"\u00c9cole Cl\u00e9\",\"url\":\"https:\\\/\\\/cle.fr\\\/fr\\\/\",\"logo\":{\"@type\":\"ImageObject\",\"inLanguage\":\"fr-FR\",\"@id\":\"https:\\\/\\\/cle.fr\\\/fr\\\/#\\\/schema\\\/logo\\\/image\\\/\",\"url\":\"https:\\\/\\\/cle.fr\\\/wp-content\\\/uploads\\\/2025\\\/05\\\/Logo-cle-blanc.webp\",\"contentUrl\":\"https:\\\/\\\/cle.fr\\\/wp-content\\\/uploads\\\/2025\\\/05\\\/Logo-cle-blanc.webp\",\"width\":114,\"height\":147,\"caption\":\"\u00c9cole Cl\u00e9\"},\"image\":{\"@id\":\"https:\\\/\\\/cle.fr\\\/fr\\\/#\\\/schema\\\/logo\\\/image\\\/\"},\"sameAs\":[\"https:\\\/\\\/www.facebook.com\\\/ecole.cle\",\"https:\\\/\\\/www.instagram.com\\\/ecolecle\\\/\"]}]}<\/script>\n<!-- \/ Yoast SEO plugin. -->","yoast_head_json":{"title":"Examens et certification - \u00c9cole Cl\u00e9","robots":{"index":"index","follow":"follow","max-snippet":"max-snippet:-1","max-image-preview":"max-image-preview:large","max-video-preview":"max-video-preview:-1"},"canonical":"https:\/\/cle.fr\/fr\/examens-et-certification\/","og_locale":"fr_FR","og_type":"article","og_title":"Examens et certification - \u00c9cole Cl\u00e9","og_description":"Si vous souhaitez certifier votre niveau de fran\u00e7ais, CL\u00c9 propose une gamme de dipl\u00f4mes et d\u2019examens. Vous y trouverez toutes les informations essentielles concernant les \u00e9valuations, les dates, les lieux d\u2019examen et le processus d\u2019inscription. CL\u00c9 vous pr\u00e9pare \u00e0 passer les dipl\u00f4mes du DELF et du DALF. Cl\u00e9 est \u00e9galement un centre accr\u00e9dit\u00e9 pour 3 [&hellip;]","og_url":"https:\/\/cle.fr\/fr\/examens-et-certification\/","og_site_name":"\u00c9cole Cl\u00e9","article_publisher":"https:\/\/www.facebook.com\/ecole.cle","article_modified_time":"2026-01-24T19:35:04+00:00","og_image":[{"url":"https:\/\/cle.fr\/wp-content\/uploads\/2026\/01\/Examens-DELF-DALF-1024x1024.png","type":"","width":"","height":""}],"twitter_card":"summary_large_image","twitter_misc":{"Dur\u00e9e de lecture estim\u00e9e":"1 minute"},"schema":{"@context":"https:\/\/schema.org","@graph":[{"@type":"WebPage","@id":"https:\/\/cle.fr\/fr\/examens-et-certification\/","url":"https:\/\/cle.fr\/fr\/examens-et-certification\/","name":"Examens et certification - \u00c9cole Cl\u00e9","isPartOf":{"@id":"https:\/\/cle.fr\/fr\/#website"},"primaryImageOfPage":{"@id":"https:\/\/cle.fr\/fr\/examens-et-certification\/#primaryimage"},"image":{"@id":"https:\/\/cle.fr\/fr\/examens-et-certification\/#primaryimage"},"thumbnailUrl":"https:\/\/cle.fr\/wp-content\/uploads\/2026\/01\/Examens-DELF-DALF-1024x1024.png","datePublished":"2026-01-20T21:36:32+00:00","dateModified":"2026-01-24T19:35:04+00:00","breadcrumb":{"@id":"https:\/\/cle.fr\/fr\/examens-et-certification\/#breadcrumb"},"inLanguage":"fr-FR","potentialAction":[{"@type":"ReadAction","target":["https:\/\/cle.fr\/fr\/examens-et-certification\/"]}]},{"@type":"ImageObject","inLanguage":"fr-FR","@id":"https:\/\/cle.fr\/fr\/examens-et-certification\/#primaryimage","url":"https:\/\/cle.fr\/wp-content\/uploads\/2026\/01\/Examens-DELF-DALF-1024x1024.png","contentUrl":"https:\/\/cle.fr\/wp-content\/uploads\/2026\/01\/Examens-DELF-DALF-1024x1024.png"},{"@type":"BreadcrumbList","@id":"https:\/\/cle.fr\/fr\/examens-et-certification\/#breadcrumb","itemListElement":[{"@type":"ListItem","position":1,"name":"Accueil","item":"https:\/\/cle.fr\/fr\/"},{"@type":"ListItem","position":2,"name":"Examens et certification"}]},{"@type":"WebSite","@id":"https:\/\/cle.fr\/fr\/#website","url":"https:\/\/cle.fr\/fr\/","name":"\u00c9cole Cl\u00e9","description":"Learn French in Tours or Lyon with CL\u00c9 School: small classes, mature students, fast progress, and personalized cultural immersion experiences.","publisher":{"@id":"https:\/\/cle.fr\/fr\/#organization"},"alternateName":"Centre Linguistique pour Etrangers","potentialAction":[{"@type":"SearchAction","target":{"@type":"EntryPoint","urlTemplate":"https:\/\/cle.fr\/fr\/?s={search_term_string}"},"query-input":{"@type":"PropertyValueSpecification","valueRequired":true,"valueName":"search_term_string"}}],"inLanguage":"fr-FR"},{"@type":"Organization","@id":"https:\/\/cle.fr\/fr\/#organization","name":"\u00c9cole Cl\u00e9","url":"https:\/\/cle.fr\/fr\/","logo":{"@type":"ImageObject","inLanguage":"fr-FR","@id":"https:\/\/cle.fr\/fr\/#\/schema\/logo\/image\/","url":"https:\/\/cle.fr\/wp-content\/uploads\/2025\/05\/Logo-cle-blanc.webp","contentUrl":"https:\/\/cle.fr\/wp-content\/uploads\/2025\/05\/Logo-cle-blanc.webp","width":114,"height":147,"caption":"\u00c9cole Cl\u00e9"},"image":{"@id":"https:\/\/cle.fr\/fr\/#\/schema\/logo\/image\/"},"sameAs":["https:\/\/www.facebook.com\/ecole.cle","https:\/\/www.instagram.com\/ecolecle\/"]}]}},"_links":{"self":[{"href":"https:\/\/cle.fr\/fr\/wp-json\/wp\/v2\/pages\/401875","targetHints":{"allow":["GET"]}}],"collection":[{"href":"https:\/\/cle.fr\/fr\/wp-json\/wp\/v2\/pages"}],"about":[{"href":"https:\/\/cle.fr\/fr\/wp-json\/wp\/v2\/types\/page"}],"author":[{"embeddable":true,"href":"https:\/\/cle.fr\/fr\/wp-json\/wp\/v2\/users\/2"}],"replies":[{"embeddable":true,"href":"https:\/\/cle.fr\/fr\/wp-json\/wp\/v2\/comments?post=401875"}],"version-history":[{"count":3,"href":"https:\/\/cle.fr\/fr\/wp-json\/wp\/v2\/pages\/401875\/revisions"}],"predecessor-version":[{"id":401987,"href":"https:\/\/cle.fr\/fr\/wp-json\/wp\/v2\/pages\/401875\/revisions\/401987"}],"wp:attachment":[{"href":"https:\/\/cle.fr\/fr\/wp-json\/wp\/v2\/media?parent=401875"}],"curies":[{"name":"wp","href":"https:\/\/api.w.org\/{rel}","templated":true}]}}