{"id":401807,"date":"2026-01-20T22:50:22","date_gmt":"2026-01-20T21:50:22","guid":{"rendered":"https:\/\/cle.fr\/lecons\/"},"modified":"2026-01-24T20:30:54","modified_gmt":"2026-01-24T19:30:54","slug":"lecons","status":"publish","type":"page","link":"https:\/\/cle.fr\/fr\/lecons\/","title":{"rendered":"Le\u00e7ons"},"content":{"rendered":"\n<div style=\"height:160px\" aria-hidden=\"true\" class=\"wp-block-spacer\"><\/div>\n\n<p>Nous proposons des <strong>cours de fran\u00e7ais<\/strong> intensifs et immersifs de haute qualit\u00e9 au <strong>c\u0153ur de la France<\/strong>, en petits groupes (pas plus de 7 \u00e9tudiants) avec uniquement des \u00e9tudiants d&rsquo;\u00e2ge m\u00fbr.<\/p>\n\n<h2 class=\"wp-block-heading\">Nos diff\u00e9rents programmes<\/h2>\n\n<p>Vous pouvez choisir diff\u00e9rents types de cours de fran\u00e7ais g\u00e9n\u00e9ral ou professionnel. Vous pouvez voir plus de d\u00e9tails sur nos cours en cliquant sur les boutons ci-dessous. <\/p>\n\n<div style=\"height:29px\" aria-hidden=\"true\" class=\"wp-block-spacer\"><\/div>\n\n<div class=\"wp-block-columns is-layout-flex wp-container-core-columns-is-layout-9d6595d7 wp-block-columns-is-layout-flex\">\n<div class=\"wp-block-column is-layout-flow wp-block-column-is-layout-flow\">\n<figure class=\"wp-block-image size-large\"><a href=\"https:\/\/cle.fr\/group-classes\/\"><img loading=\"lazy\" decoding=\"async\" width=\"1024\" height=\"1024\" src=\"https:\/\/cle.fr\/wp-content\/uploads\/2026\/01\/Examens-6-1024x1024.png\" alt=\"\" class=\"wp-image-400363\" srcset=\"https:\/\/cle.fr\/wp-content\/uploads\/2026\/01\/Examens-6-1024x1024.png 1024w, https:\/\/cle.fr\/wp-content\/uploads\/2026\/01\/Examens-6-300x300.png 300w, https:\/\/cle.fr\/wp-content\/uploads\/2026\/01\/Examens-6-150x150.png 150w, https:\/\/cle.fr\/wp-content\/uploads\/2026\/01\/Examens-6-768x768.png 768w, https:\/\/cle.fr\/wp-content\/uploads\/2026\/01\/Examens-6-600x600.png 600w, https:\/\/cle.fr\/wp-content\/uploads\/2026\/01\/Examens-6-100x100.png 100w, https:\/\/cle.fr\/wp-content\/uploads\/2026\/01\/Examens-6.png 1080w\" sizes=\"auto, (max-width: 1024px) 100vw, 1024px\" \/><\/a><\/figure>\n<\/div>\n\n\n\n<div class=\"wp-block-column is-layout-flow wp-block-column-is-layout-flow\">\n<figure class=\"wp-block-gallery has-nested-images columns-default is-cropped wp-block-gallery-1 is-layout-flex wp-block-gallery-is-layout-flex\">\n<figure class=\"wp-block-image size-large\"><a href=\"https:\/\/cle.fr\/combined-classes\/\"><img loading=\"lazy\" decoding=\"async\" width=\"1024\" height=\"1024\" data-id=\"400369\" src=\"https:\/\/cle.fr\/wp-content\/uploads\/2026\/01\/Examens-7-1024x1024.png\" alt=\"\" class=\"wp-image-400369\" srcset=\"https:\/\/cle.fr\/wp-content\/uploads\/2026\/01\/Examens-7-1024x1024.png 1024w, https:\/\/cle.fr\/wp-content\/uploads\/2026\/01\/Examens-7-300x300.png 300w, https:\/\/cle.fr\/wp-content\/uploads\/2026\/01\/Examens-7-150x150.png 150w, https:\/\/cle.fr\/wp-content\/uploads\/2026\/01\/Examens-7-768x768.png 768w, https:\/\/cle.fr\/wp-content\/uploads\/2026\/01\/Examens-7-600x600.png 600w, https:\/\/cle.fr\/wp-content\/uploads\/2026\/01\/Examens-7-100x100.png 100w, https:\/\/cle.fr\/wp-content\/uploads\/2026\/01\/Examens-7.png 1080w\" sizes=\"auto, (max-width: 1024px) 100vw, 1024px\" \/><\/a><\/figure>\n<\/figure>\n<\/div>\n\n\n\n<div class=\"wp-block-column is-layout-flow wp-block-column-is-layout-flow\">\n<figure class=\"wp-block-image size-large\"><a href=\"https:\/\/cle.fr\/online-lessons\/\"><img loading=\"lazy\" decoding=\"async\" width=\"1024\" height=\"1024\" src=\"https:\/\/cle.fr\/wp-content\/uploads\/2026\/01\/Examens-8-1024x1024.png\" alt=\"\" class=\"wp-image-400362\" srcset=\"https:\/\/cle.fr\/wp-content\/uploads\/2026\/01\/Examens-8-1024x1024.png 1024w, https:\/\/cle.fr\/wp-content\/uploads\/2026\/01\/Examens-8-300x300.png 300w, https:\/\/cle.fr\/wp-content\/uploads\/2026\/01\/Examens-8-150x150.png 150w, https:\/\/cle.fr\/wp-content\/uploads\/2026\/01\/Examens-8-768x768.png 768w, https:\/\/cle.fr\/wp-content\/uploads\/2026\/01\/Examens-8-600x600.png 600w, https:\/\/cle.fr\/wp-content\/uploads\/2026\/01\/Examens-8-100x100.png 100w, https:\/\/cle.fr\/wp-content\/uploads\/2026\/01\/Examens-8.png 1080w\" sizes=\"auto, (max-width: 1024px) 100vw, 1024px\" \/><\/a><\/figure>\n<\/div>\n\n\n\n<div class=\"wp-block-column is-layout-flow wp-block-column-is-layout-flow\">\n<figure class=\"wp-block-image size-large\"><a href=\"https:\/\/cle.fr\/exams\/\"><img loading=\"lazy\" decoding=\"async\" width=\"1024\" height=\"1024\" src=\"https:\/\/cle.fr\/wp-content\/uploads\/2026\/01\/Examens-5-1-1024x1024.png\" alt=\"\" class=\"wp-image-400360\" srcset=\"https:\/\/cle.fr\/wp-content\/uploads\/2026\/01\/Examens-5-1-1024x1024.png 1024w, https:\/\/cle.fr\/wp-content\/uploads\/2026\/01\/Examens-5-1-300x300.png 300w, https:\/\/cle.fr\/wp-content\/uploads\/2026\/01\/Examens-5-1-150x150.png 150w, https:\/\/cle.fr\/wp-content\/uploads\/2026\/01\/Examens-5-1-768x768.png 768w, https:\/\/cle.fr\/wp-content\/uploads\/2026\/01\/Examens-5-1-600x600.png 600w, https:\/\/cle.fr\/wp-content\/uploads\/2026\/01\/Examens-5-1-100x100.png 100w, https:\/\/cle.fr\/wp-content\/uploads\/2026\/01\/Examens-5-1.png 1080w\" sizes=\"auto, (max-width: 1024px) 100vw, 1024px\" \/><\/a><\/figure>\n<\/div>\n\n\n\n<div class=\"wp-block-column is-layout-flow wp-block-column-is-layout-flow\">\n<figure class=\"wp-block-image size-large\"><a href=\"https:\/\/cle.fr\/cultural-programs\/\"><img loading=\"lazy\" decoding=\"async\" width=\"1024\" height=\"1024\" src=\"https:\/\/cle.fr\/wp-content\/uploads\/2026\/01\/Examens-10-1024x1024.png\" alt=\"\" class=\"wp-image-400368\" srcset=\"https:\/\/cle.fr\/wp-content\/uploads\/2026\/01\/Examens-10-1024x1024.png 1024w, https:\/\/cle.fr\/wp-content\/uploads\/2026\/01\/Examens-10-300x300.png 300w, https:\/\/cle.fr\/wp-content\/uploads\/2026\/01\/Examens-10-150x150.png 150w, https:\/\/cle.fr\/wp-content\/uploads\/2026\/01\/Examens-10-768x768.png 768w, https:\/\/cle.fr\/wp-content\/uploads\/2026\/01\/Examens-10-600x600.png 600w, https:\/\/cle.fr\/wp-content\/uploads\/2026\/01\/Examens-10-100x100.png 100w, https:\/\/cle.fr\/wp-content\/uploads\/2026\/01\/Examens-10.png 1080w\" sizes=\"auto, (max-width: 1024px) 100vw, 1024px\" \/><\/a><\/figure>\n<\/div>\n<\/div>\n\n<p><\/p>\n","protected":false},"excerpt":{"rendered":"<p>Nous proposons des cours de fran\u00e7ais intensifs et immersifs de haute qualit\u00e9 au c\u0153ur de la France, en petits groupes (pas plus de 7 \u00e9tudiants) avec uniquement des \u00e9tudiants d&rsquo;\u00e2ge m\u00fbr. Nos diff\u00e9rents programmes Vous pouvez choisir diff\u00e9rents types de cours de fran\u00e7ais g\u00e9n\u00e9ral ou professionnel. Vous pouvez voir plus de d\u00e9tails sur nos cours [&hellip;]<\/p>\n","protected":false},"author":2,"featured_media":0,"parent":0,"menu_order":0,"comment_status":"closed","ping_status":"closed","template":"","meta":{"_acf_changed":false,"footnotes":""},"class_list":["post-401807","page","type-page","status-publish","hentry"],"acf":[],"yoast_head":"<!-- This site is optimized with the Yoast SEO plugin v27.4 - https:\/\/yoast.com\/product\/yoast-seo-wordpress\/ -->\n<title>Le\u00e7ons - \u00c9cole Cl\u00e9<\/title>\n<meta name=\"description\" content=\"Apprenez le fran\u00e7ais \u00e0 Tours ou \u00e0 Lyon avec l&#039;\u00e9cole CL\u00c9 : des classes \u00e0 effectifs r\u00e9duits, des progr\u00e8s rapides et des exp\u00e9riences d&#039;immersion culturelle personnalis\u00e9es.\" \/>\n<meta name=\"robots\" content=\"index, follow, max-snippet:-1, max-image-preview:large, max-video-preview:-1\" \/>\n<link rel=\"canonical\" href=\"https:\/\/cle.fr\/fr\/lecons\/\" \/>\n<meta property=\"og:locale\" content=\"fr_FR\" \/>\n<meta property=\"og:type\" content=\"article\" \/>\n<meta property=\"og:title\" content=\"Le\u00e7ons - \u00c9cole Cl\u00e9\" \/>\n<meta property=\"og:description\" content=\"Apprenez le fran\u00e7ais \u00e0 Tours ou \u00e0 Lyon avec l&#039;\u00e9cole CL\u00c9 : des classes \u00e0 effectifs r\u00e9duits, des progr\u00e8s rapides et des exp\u00e9riences d&#039;immersion culturelle personnalis\u00e9es.\" \/>\n<meta property=\"og:url\" content=\"https:\/\/cle.fr\/fr\/lecons\/\" \/>\n<meta property=\"og:site_name\" content=\"\u00c9cole Cl\u00e9\" \/>\n<meta property=\"article:publisher\" content=\"https:\/\/www.facebook.com\/ecole.cle\" \/>\n<meta property=\"article:modified_time\" content=\"2026-01-24T19:30:54+00:00\" \/>\n<meta property=\"og:image\" content=\"https:\/\/cle.fr\/wp-content\/uploads\/2026\/01\/Examens-6-1024x1024.png\" \/>\n<meta name=\"twitter:card\" content=\"summary_large_image\" \/>\n<script type=\"application\/ld+json\" class=\"yoast-schema-graph\">{\"@context\":\"https:\\\/\\\/schema.org\",\"@graph\":[{\"@type\":\"WebPage\",\"@id\":\"https:\\\/\\\/cle.fr\\\/fr\\\/lecons\\\/\",\"url\":\"https:\\\/\\\/cle.fr\\\/fr\\\/lecons\\\/\",\"name\":\"Le\u00e7ons - \u00c9cole Cl\u00e9\",\"isPartOf\":{\"@id\":\"https:\\\/\\\/cle.fr\\\/fr\\\/#website\"},\"primaryImageOfPage\":{\"@id\":\"https:\\\/\\\/cle.fr\\\/fr\\\/lecons\\\/#primaryimage\"},\"image\":{\"@id\":\"https:\\\/\\\/cle.fr\\\/fr\\\/lecons\\\/#primaryimage\"},\"thumbnailUrl\":\"https:\\\/\\\/cle.fr\\\/wp-content\\\/uploads\\\/2026\\\/01\\\/Examens-6-1024x1024.png\",\"datePublished\":\"2026-01-20T21:50:22+00:00\",\"dateModified\":\"2026-01-24T19:30:54+00:00\",\"description\":\"Apprenez le fran\u00e7ais \u00e0 Tours ou \u00e0 Lyon avec l'\u00e9cole CL\u00c9 : des classes \u00e0 effectifs r\u00e9duits, des progr\u00e8s rapides et des exp\u00e9riences d'immersion culturelle personnalis\u00e9es.\",\"breadcrumb\":{\"@id\":\"https:\\\/\\\/cle.fr\\\/fr\\\/lecons\\\/#breadcrumb\"},\"inLanguage\":\"fr-FR\",\"potentialAction\":[{\"@type\":\"ReadAction\",\"target\":[\"https:\\\/\\\/cle.fr\\\/fr\\\/lecons\\\/\"]}]},{\"@type\":\"ImageObject\",\"inLanguage\":\"fr-FR\",\"@id\":\"https:\\\/\\\/cle.fr\\\/fr\\\/lecons\\\/#primaryimage\",\"url\":\"https:\\\/\\\/cle.fr\\\/wp-content\\\/uploads\\\/2026\\\/01\\\/Examens-6-1024x1024.png\",\"contentUrl\":\"https:\\\/\\\/cle.fr\\\/wp-content\\\/uploads\\\/2026\\\/01\\\/Examens-6-1024x1024.png\"},{\"@type\":\"BreadcrumbList\",\"@id\":\"https:\\\/\\\/cle.fr\\\/fr\\\/lecons\\\/#breadcrumb\",\"itemListElement\":[{\"@type\":\"ListItem\",\"position\":1,\"name\":\"Accueil\",\"item\":\"https:\\\/\\\/cle.fr\\\/fr\\\/\"},{\"@type\":\"ListItem\",\"position\":2,\"name\":\"Le\u00e7ons\"}]},{\"@type\":\"WebSite\",\"@id\":\"https:\\\/\\\/cle.fr\\\/fr\\\/#website\",\"url\":\"https:\\\/\\\/cle.fr\\\/fr\\\/\",\"name\":\"\u00c9cole Cl\u00e9\",\"description\":\"Learn French in Tours or Lyon with CL\u00c9 School: small classes, mature students, fast progress, and personalized cultural immersion experiences.\",\"publisher\":{\"@id\":\"https:\\\/\\\/cle.fr\\\/fr\\\/#organization\"},\"alternateName\":\"Centre Linguistique pour Etrangers\",\"potentialAction\":[{\"@type\":\"SearchAction\",\"target\":{\"@type\":\"EntryPoint\",\"urlTemplate\":\"https:\\\/\\\/cle.fr\\\/fr\\\/?s={search_term_string}\"},\"query-input\":{\"@type\":\"PropertyValueSpecification\",\"valueRequired\":true,\"valueName\":\"search_term_string\"}}],\"inLanguage\":\"fr-FR\"},{\"@type\":\"Organization\",\"@id\":\"https:\\\/\\\/cle.fr\\\/fr\\\/#organization\",\"name\":\"\u00c9cole Cl\u00e9\",\"url\":\"https:\\\/\\\/cle.fr\\\/fr\\\/\",\"logo\":{\"@type\":\"ImageObject\",\"inLanguage\":\"fr-FR\",\"@id\":\"https:\\\/\\\/cle.fr\\\/fr\\\/#\\\/schema\\\/logo\\\/image\\\/\",\"url\":\"https:\\\/\\\/cle.fr\\\/wp-content\\\/uploads\\\/2025\\\/05\\\/Logo-cle-blanc.webp\",\"contentUrl\":\"https:\\\/\\\/cle.fr\\\/wp-content\\\/uploads\\\/2025\\\/05\\\/Logo-cle-blanc.webp\",\"width\":114,\"height\":147,\"caption\":\"\u00c9cole Cl\u00e9\"},\"image\":{\"@id\":\"https:\\\/\\\/cle.fr\\\/fr\\\/#\\\/schema\\\/logo\\\/image\\\/\"},\"sameAs\":[\"https:\\\/\\\/www.facebook.com\\\/ecole.cle\",\"https:\\\/\\\/www.instagram.com\\\/ecolecle\\\/\"]}]}<\/script>\n<!-- \/ Yoast SEO plugin. -->","yoast_head_json":{"title":"Le\u00e7ons - \u00c9cole Cl\u00e9","description":"Apprenez le fran\u00e7ais \u00e0 Tours ou \u00e0 Lyon avec l'\u00e9cole CL\u00c9 : des classes \u00e0 effectifs r\u00e9duits, des progr\u00e8s rapides et des exp\u00e9riences d'immersion culturelle personnalis\u00e9es.","robots":{"index":"index","follow":"follow","max-snippet":"max-snippet:-1","max-image-preview":"max-image-preview:large","max-video-preview":"max-video-preview:-1"},"canonical":"https:\/\/cle.fr\/fr\/lecons\/","og_locale":"fr_FR","og_type":"article","og_title":"Le\u00e7ons - \u00c9cole Cl\u00e9","og_description":"Apprenez le fran\u00e7ais \u00e0 Tours ou \u00e0 Lyon avec l'\u00e9cole CL\u00c9 : des classes \u00e0 effectifs r\u00e9duits, des progr\u00e8s rapides et des exp\u00e9riences d'immersion culturelle personnalis\u00e9es.","og_url":"https:\/\/cle.fr\/fr\/lecons\/","og_site_name":"\u00c9cole Cl\u00e9","article_publisher":"https:\/\/www.facebook.com\/ecole.cle","article_modified_time":"2026-01-24T19:30:54+00:00","og_image":[{"url":"https:\/\/cle.fr\/wp-content\/uploads\/2026\/01\/Examens-6-1024x1024.png","type":"","width":"","height":""}],"twitter_card":"summary_large_image","schema":{"@context":"https:\/\/schema.org","@graph":[{"@type":"WebPage","@id":"https:\/\/cle.fr\/fr\/lecons\/","url":"https:\/\/cle.fr\/fr\/lecons\/","name":"Le\u00e7ons - \u00c9cole Cl\u00e9","isPartOf":{"@id":"https:\/\/cle.fr\/fr\/#website"},"primaryImageOfPage":{"@id":"https:\/\/cle.fr\/fr\/lecons\/#primaryimage"},"image":{"@id":"https:\/\/cle.fr\/fr\/lecons\/#primaryimage"},"thumbnailUrl":"https:\/\/cle.fr\/wp-content\/uploads\/2026\/01\/Examens-6-1024x1024.png","datePublished":"2026-01-20T21:50:22+00:00","dateModified":"2026-01-24T19:30:54+00:00","description":"Apprenez le fran\u00e7ais \u00e0 Tours ou \u00e0 Lyon avec l'\u00e9cole CL\u00c9 : des classes \u00e0 effectifs r\u00e9duits, des progr\u00e8s rapides et des exp\u00e9riences d'immersion culturelle personnalis\u00e9es.","breadcrumb":{"@id":"https:\/\/cle.fr\/fr\/lecons\/#breadcrumb"},"inLanguage":"fr-FR","potentialAction":[{"@type":"ReadAction","target":["https:\/\/cle.fr\/fr\/lecons\/"]}]},{"@type":"ImageObject","inLanguage":"fr-FR","@id":"https:\/\/cle.fr\/fr\/lecons\/#primaryimage","url":"https:\/\/cle.fr\/wp-content\/uploads\/2026\/01\/Examens-6-1024x1024.png","contentUrl":"https:\/\/cle.fr\/wp-content\/uploads\/2026\/01\/Examens-6-1024x1024.png"},{"@type":"BreadcrumbList","@id":"https:\/\/cle.fr\/fr\/lecons\/#breadcrumb","itemListElement":[{"@type":"ListItem","position":1,"name":"Accueil","item":"https:\/\/cle.fr\/fr\/"},{"@type":"ListItem","position":2,"name":"Le\u00e7ons"}]},{"@type":"WebSite","@id":"https:\/\/cle.fr\/fr\/#website","url":"https:\/\/cle.fr\/fr\/","name":"\u00c9cole Cl\u00e9","description":"Learn French in Tours or Lyon with CL\u00c9 School: small classes, mature students, fast progress, and personalized cultural immersion experiences.","publisher":{"@id":"https:\/\/cle.fr\/fr\/#organization"},"alternateName":"Centre Linguistique pour Etrangers","potentialAction":[{"@type":"SearchAction","target":{"@type":"EntryPoint","urlTemplate":"https:\/\/cle.fr\/fr\/?s={search_term_string}"},"query-input":{"@type":"PropertyValueSpecification","valueRequired":true,"valueName":"search_term_string"}}],"inLanguage":"fr-FR"},{"@type":"Organization","@id":"https:\/\/cle.fr\/fr\/#organization","name":"\u00c9cole Cl\u00e9","url":"https:\/\/cle.fr\/fr\/","logo":{"@type":"ImageObject","inLanguage":"fr-FR","@id":"https:\/\/cle.fr\/fr\/#\/schema\/logo\/image\/","url":"https:\/\/cle.fr\/wp-content\/uploads\/2025\/05\/Logo-cle-blanc.webp","contentUrl":"https:\/\/cle.fr\/wp-content\/uploads\/2025\/05\/Logo-cle-blanc.webp","width":114,"height":147,"caption":"\u00c9cole Cl\u00e9"},"image":{"@id":"https:\/\/cle.fr\/fr\/#\/schema\/logo\/image\/"},"sameAs":["https:\/\/www.facebook.com\/ecole.cle","https:\/\/www.instagram.com\/ecolecle\/"]}]}},"_links":{"self":[{"href":"https:\/\/cle.fr\/fr\/wp-json\/wp\/v2\/pages\/401807","targetHints":{"allow":["GET"]}}],"collection":[{"href":"https:\/\/cle.fr\/fr\/wp-json\/wp\/v2\/pages"}],"about":[{"href":"https:\/\/cle.fr\/fr\/wp-json\/wp\/v2\/types\/page"}],"author":[{"embeddable":true,"href":"https:\/\/cle.fr\/fr\/wp-json\/wp\/v2\/users\/2"}],"replies":[{"embeddable":true,"href":"https:\/\/cle.fr\/fr\/wp-json\/wp\/v2\/comments?post=401807"}],"version-history":[{"count":9,"href":"https:\/\/cle.fr\/fr\/wp-json\/wp\/v2\/pages\/401807\/revisions"}],"predecessor-version":[{"id":401961,"href":"https:\/\/cle.fr\/fr\/wp-json\/wp\/v2\/pages\/401807\/revisions\/401961"}],"wp:attachment":[{"href":"https:\/\/cle.fr\/fr\/wp-json\/wp\/v2\/media?parent=401807"}],"curies":[{"name":"wp","href":"https:\/\/api.w.org\/{rel}","templated":true}]}}