{"id":1199,"date":"2025-06-26T17:49:57","date_gmt":"2025-06-26T15:49:57","guid":{"rendered":"http:\/\/cle.fr\/mon-compte\/"},"modified":"2025-10-02T12:02:53","modified_gmt":"2025-10-02T10:02:53","slug":"mon-compte","status":"publish","type":"page","link":"https:\/\/cle.fr\/fr\/mon-compte\/","title":{"rendered":"Mon compte"},"content":{"rendered":"<div class=\"woocommerce\"><\/div>\n","protected":false},"excerpt":{"rendered":"","protected":false},"author":2,"featured_media":0,"parent":0,"menu_order":0,"comment_status":"closed","ping_status":"closed","template":"","meta":{"_acf_changed":false,"footnotes":""},"class_list":["post-1199","page","type-page","status-publish","hentry"],"acf":[],"yoast_head":"<!-- This site is optimized with the Yoast SEO plugin v27.3 - https:\/\/yoast.com\/product\/yoast-seo-wordpress\/ -->\n<title>Mon compte - \u00c9cole Cl\u00e9<\/title>\n<meta name=\"robots\" content=\"index, follow, max-snippet:-1, max-image-preview:large, max-video-preview:-1\" \/>\n<link rel=\"canonical\" href=\"https:\/\/cle.fr\/fr\/mon-compte\/\" \/>\n<meta property=\"og:locale\" content=\"fr_FR\" \/>\n<meta property=\"og:type\" content=\"article\" \/>\n<meta property=\"og:title\" content=\"Mon compte - \u00c9cole Cl\u00e9\" \/>\n<meta property=\"og:url\" content=\"https:\/\/cle.fr\/fr\/mon-compte\/\" \/>\n<meta property=\"og:site_name\" content=\"\u00c9cole Cl\u00e9\" \/>\n<meta property=\"article:publisher\" content=\"https:\/\/www.facebook.com\/ecole.cle\" \/>\n<meta property=\"article:modified_time\" content=\"2025-10-02T10:02:53+00:00\" \/>\n<meta name=\"twitter:card\" content=\"summary_large_image\" \/>\n<script type=\"application\/ld+json\" class=\"yoast-schema-graph\">{\"@context\":\"https:\\\/\\\/schema.org\",\"@graph\":[{\"@type\":\"WebPage\",\"@id\":\"https:\\\/\\\/cle.fr\\\/fr\\\/mon-compte\\\/\",\"url\":\"https:\\\/\\\/cle.fr\\\/fr\\\/mon-compte\\\/\",\"name\":\"Mon compte - \u00c9cole Cl\u00e9\",\"isPartOf\":{\"@id\":\"https:\\\/\\\/cle.fr\\\/fr\\\/#website\"},\"datePublished\":\"2025-06-26T15:49:57+00:00\",\"dateModified\":\"2025-10-02T10:02:53+00:00\",\"breadcrumb\":{\"@id\":\"https:\\\/\\\/cle.fr\\\/fr\\\/mon-compte\\\/#breadcrumb\"},\"inLanguage\":\"fr-FR\",\"potentialAction\":[{\"@type\":\"ReadAction\",\"target\":[\"https:\\\/\\\/cle.fr\\\/fr\\\/mon-compte\\\/\"]}]},{\"@type\":\"BreadcrumbList\",\"@id\":\"https:\\\/\\\/cle.fr\\\/fr\\\/mon-compte\\\/#breadcrumb\",\"itemListElement\":[{\"@type\":\"ListItem\",\"position\":1,\"name\":\"Accueil\",\"item\":\"https:\\\/\\\/cle.fr\\\/fr\\\/\"},{\"@type\":\"ListItem\",\"position\":2,\"name\":\"Mon compte\"}]},{\"@type\":\"WebSite\",\"@id\":\"https:\\\/\\\/cle.fr\\\/fr\\\/#website\",\"url\":\"https:\\\/\\\/cle.fr\\\/fr\\\/\",\"name\":\"\u00c9cole Cl\u00e9\",\"description\":\"Learn French in Tours or Lyon with CL\u00c9 School: small classes, mature students, fast progress, and personalized cultural immersion experiences.\",\"publisher\":{\"@id\":\"https:\\\/\\\/cle.fr\\\/fr\\\/#organization\"},\"alternateName\":\"Centre Linguistique pour Etrangers\",\"potentialAction\":[{\"@type\":\"SearchAction\",\"target\":{\"@type\":\"EntryPoint\",\"urlTemplate\":\"https:\\\/\\\/cle.fr\\\/fr\\\/?s={search_term_string}\"},\"query-input\":{\"@type\":\"PropertyValueSpecification\",\"valueRequired\":true,\"valueName\":\"search_term_string\"}}],\"inLanguage\":\"fr-FR\"},{\"@type\":\"Organization\",\"@id\":\"https:\\\/\\\/cle.fr\\\/fr\\\/#organization\",\"name\":\"\u00c9cole Cl\u00e9\",\"url\":\"https:\\\/\\\/cle.fr\\\/fr\\\/\",\"logo\":{\"@type\":\"ImageObject\",\"inLanguage\":\"fr-FR\",\"@id\":\"https:\\\/\\\/cle.fr\\\/fr\\\/#\\\/schema\\\/logo\\\/image\\\/\",\"url\":\"https:\\\/\\\/cle.fr\\\/wp-content\\\/uploads\\\/2025\\\/05\\\/Logo-cle-blanc.webp\",\"contentUrl\":\"https:\\\/\\\/cle.fr\\\/wp-content\\\/uploads\\\/2025\\\/05\\\/Logo-cle-blanc.webp\",\"width\":114,\"height\":147,\"caption\":\"\u00c9cole Cl\u00e9\"},\"image\":{\"@id\":\"https:\\\/\\\/cle.fr\\\/fr\\\/#\\\/schema\\\/logo\\\/image\\\/\"},\"sameAs\":[\"https:\\\/\\\/www.facebook.com\\\/ecole.cle\",\"https:\\\/\\\/www.instagram.com\\\/ecolecle\\\/\"]}]}<\/script>\n<!-- \/ Yoast SEO plugin. -->","yoast_head_json":{"title":"Mon compte - \u00c9cole Cl\u00e9","robots":{"index":"index","follow":"follow","max-snippet":"max-snippet:-1","max-image-preview":"max-image-preview:large","max-video-preview":"max-video-preview:-1"},"canonical":"https:\/\/cle.fr\/fr\/mon-compte\/","og_locale":"fr_FR","og_type":"article","og_title":"Mon compte - \u00c9cole Cl\u00e9","og_url":"https:\/\/cle.fr\/fr\/mon-compte\/","og_site_name":"\u00c9cole Cl\u00e9","article_publisher":"https:\/\/www.facebook.com\/ecole.cle","article_modified_time":"2025-10-02T10:02:53+00:00","twitter_card":"summary_large_image","schema":{"@context":"https:\/\/schema.org","@graph":[{"@type":"WebPage","@id":"https:\/\/cle.fr\/fr\/mon-compte\/","url":"https:\/\/cle.fr\/fr\/mon-compte\/","name":"Mon compte - \u00c9cole Cl\u00e9","isPartOf":{"@id":"https:\/\/cle.fr\/fr\/#website"},"datePublished":"2025-06-26T15:49:57+00:00","dateModified":"2025-10-02T10:02:53+00:00","breadcrumb":{"@id":"https:\/\/cle.fr\/fr\/mon-compte\/#breadcrumb"},"inLanguage":"fr-FR","potentialAction":[{"@type":"ReadAction","target":["https:\/\/cle.fr\/fr\/mon-compte\/"]}]},{"@type":"BreadcrumbList","@id":"https:\/\/cle.fr\/fr\/mon-compte\/#breadcrumb","itemListElement":[{"@type":"ListItem","position":1,"name":"Accueil","item":"https:\/\/cle.fr\/fr\/"},{"@type":"ListItem","position":2,"name":"Mon compte"}]},{"@type":"WebSite","@id":"https:\/\/cle.fr\/fr\/#website","url":"https:\/\/cle.fr\/fr\/","name":"\u00c9cole Cl\u00e9","description":"Learn French in Tours or Lyon with CL\u00c9 School: small classes, mature students, fast progress, and personalized cultural immersion experiences.","publisher":{"@id":"https:\/\/cle.fr\/fr\/#organization"},"alternateName":"Centre Linguistique pour Etrangers","potentialAction":[{"@type":"SearchAction","target":{"@type":"EntryPoint","urlTemplate":"https:\/\/cle.fr\/fr\/?s={search_term_string}"},"query-input":{"@type":"PropertyValueSpecification","valueRequired":true,"valueName":"search_term_string"}}],"inLanguage":"fr-FR"},{"@type":"Organization","@id":"https:\/\/cle.fr\/fr\/#organization","name":"\u00c9cole Cl\u00e9","url":"https:\/\/cle.fr\/fr\/","logo":{"@type":"ImageObject","inLanguage":"fr-FR","@id":"https:\/\/cle.fr\/fr\/#\/schema\/logo\/image\/","url":"https:\/\/cle.fr\/wp-content\/uploads\/2025\/05\/Logo-cle-blanc.webp","contentUrl":"https:\/\/cle.fr\/wp-content\/uploads\/2025\/05\/Logo-cle-blanc.webp","width":114,"height":147,"caption":"\u00c9cole Cl\u00e9"},"image":{"@id":"https:\/\/cle.fr\/fr\/#\/schema\/logo\/image\/"},"sameAs":["https:\/\/www.facebook.com\/ecole.cle","https:\/\/www.instagram.com\/ecolecle\/"]}]}},"_links":{"self":[{"href":"https:\/\/cle.fr\/fr\/wp-json\/wp\/v2\/pages\/1199","targetHints":{"allow":["GET"]}}],"collection":[{"href":"https:\/\/cle.fr\/fr\/wp-json\/wp\/v2\/pages"}],"about":[{"href":"https:\/\/cle.fr\/fr\/wp-json\/wp\/v2\/types\/page"}],"author":[{"embeddable":true,"href":"https:\/\/cle.fr\/fr\/wp-json\/wp\/v2\/users\/2"}],"replies":[{"embeddable":true,"href":"https:\/\/cle.fr\/fr\/wp-json\/wp\/v2\/comments?post=1199"}],"version-history":[{"count":0,"href":"https:\/\/cle.fr\/fr\/wp-json\/wp\/v2\/pages\/1199\/revisions"}],"wp:attachment":[{"href":"https:\/\/cle.fr\/fr\/wp-json\/wp\/v2\/media?parent=1199"}],"curies":[{"name":"wp","href":"https:\/\/api.w.org\/{rel}","templated":true}]}}