{"id":1184,"date":"2025-05-23T15:05:35","date_gmt":"2025-05-23T13:05:35","guid":{"rendered":"http:\/\/cle.fr\/conditions-dinscription\/"},"modified":"2026-03-11T14:09:06","modified_gmt":"2026-03-11T13:09:06","slug":"conditions-dinscription","status":"publish","type":"page","link":"https:\/\/cle.fr\/fr\/conditions-dinscription\/","title":{"rendered":"Conditions d&rsquo;inscription"},"content":{"rendered":"\n<div style=\"height:70px\" aria-hidden=\"true\" class=\"wp-block-spacer\"><\/div>\n\n\n\n<h2 class=\"wp-block-heading\">Inscription et acompte<\/h2>\n\n\n\n<p>La premi\u00e8re \u00e9tape est de remplir le formulaire sur <a href=\"https:\/\/cle.fr\/fr\/inscription\/\">cle.fr\/register<\/a><\/p>\n\n\n\n<p>D\u00e8s r\u00e9ception, nous vous informerons si nous pouvons vous accepter.<\/p>\n\n\n\n<p>Pour valider votre inscription, vous devrez verser un acompte de<strong> 300 \u20ac <\/strong>par carte bancaire ou virement. Pour payer par carte bancaire, nous vous enverrons un lien ou vous pourrez utiliser notre site internet. Le solde (le reste \u00e0 payer) est d\u00fb au plus tard le premier jour du cours.  <\/p>\n\n\n\n<div style=\"height:35px\" aria-hidden=\"true\" class=\"wp-block-spacer\"><\/div>\n\n\n\n<h2 class=\"wp-block-heading\">Modes de paiement<\/h2>\n\n\n\n<p class=\"has-medium-font-size\">Voous pouvez effectuer le r\u00e8gelemnt de vos frais de cours par les moyens suivants :<\/p>\n\n\n\n<ul class=\"wp-block-list\">\n<li class=\"has-medium-font-size\">\u2022 Par Visa ou Mastercard<\/li>\n\n\n\n<li class=\"has-medium-font-size\">\u2022 Par virement bancaire : dans ce cas, veuillez nous contacter et nous vous transmettrons notre RIB.<\/li>\n<\/ul>\n\n\n\n<p class=\"has-medium-font-size\">Les frais bancaires sont \u00e0 la charge de l\u2019\u00e9tudiant.<\/p>\n\n\n\n<div style=\"height:35px\" aria-hidden=\"true\" class=\"wp-block-spacer\"><\/div>\n\n\n\n<h2 class=\"wp-block-heading\">Annulation et remboursements<\/h2>\n\n\n\n<p>Si vous devez annuler votre s\u00e9jour, veuillez nous envoyer un email \u00e0 <a href=\"mailto:contact@cle.fr\">contact@cle.fr<\/a><\/p>\n\n\n\n<p>Si vous devez annuler un cours particulier (pr\u00e9sentiel \u00e0 l\u2019\u00e9cole ou en ligne), vous devez nous pr\u00e9venir au moins 24h \u00e0 l\u2019avance, sinon le cours ne sera ni remplac\u00e9 ni rembours\u00e9.<\/p>\n\n\n\n<p>Les frais d\u2019annulation varient selon les cas :<\/p>\n\n\n\n<ul class=\"wp-block-list\">\n<li class=\"has-medium-font-size\">\u2022 Annulation re\u00e7ue plus de six semaines avant le d\u00e9but du cours : remboursement de 150 \u20ac (frais bancaires inclus).<\/li>\n\n\n\n<li class=\"has-medium-font-size\">\u2022 Annulation moins de six semaines avant le d\u00e9but du cours : nous vous rembourserons la totalit\u00e9 du co\u00fbt pay\u00e9 moins 300 \u20ac (frais bancaires inclus).<\/li>\n\n\n\n<li class=\"has-medium-font-size\">\u2022 Les frais de remboursement seront revers\u00e9s (moins les frais bancaires) dans un d\u00e9lai de 30 jours apr\u00e8s acceptation par l&rsquo;\u00e9cole de la demande d&rsquo;annulation.<\/li>\n<\/ul>\n\n\n\n<p>Tout cours commenc\u00e9 (cours collectif, cours en pr\u00e9sentiel ou en ligne) est d\u00fb dans son int\u00e9gralit\u00e9 et ne peut \u00eatre r\u00e9duit ou rembours\u00e9 pour retard, d\u00e9part anticip\u00e9 ou toute autre raison. En cas d\u2019absence \u00e0 un cours collectif, aucun remboursement ni remplacement ne sera possible. <\/p>\n\n\n\n<p>Les jours f\u00e9ri\u00e9s sont officiellement non ouvrables et ne donnent lieu ni \u00e0 rattrapage ni \u00e0 remboursement. L\u2019\u00e9cole sera ferm\u00e9e et les cours pr\u00e9vus ces jours-l\u00e0 ne seront pas remplac\u00e9s. <\/p>\n\n\n\n<p>Nous vous conseillons de souscrire une assurance annulation si vous pensez devoir annuler.<\/p>\n\n\n\n<p>Toute personne dont le comportement serait incompatible avec l\u2019\u00e9thique de l\u2019\u00e9cole peut \u00eatre exclue sans aucun remboursement.<\/p>\n\n\n\n<div style=\"height:35px\" aria-hidden=\"true\" class=\"wp-block-spacer\"><\/div>\n\n\n\n<h2 class=\"wp-block-heading\">Annulation COVID<\/h2>\n\n\n\n<p>Les r\u00e8gles d\u2019annulation COVID s\u2019appliquent dans les cas suivants :<\/p>\n\n\n\n<ul class=\"wp-block-list\">\n<li class=\"has-medium-font-size\">\u2022interdiction officielle de voyager depuis votre pays,<\/li>\n\n\n\n<li class=\"has-medium-font-size\">\u2022restrictions d\u2019entr\u00e9e en France,<\/li>\n\n\n\n<li class=\"has-medium-font-size\">\u2022 nouveau confinement d\u00e9cr\u00e9t\u00e9 par le gouvernement fran\u00e7ais affectant les \u00e9tudiants sur place.<\/li>\n<\/ul>\n\n\n\n<p>Avant l\u2019arriv\u00e9e, en cas d\u2019annulation pour raison COVID :<\/p>\n\n\n\n<ul class=\"wp-block-list\">\n<li class=\"has-medium-font-size\">\u2022vous pouvez reporter votre s\u00e9jour d\u2019un an (ou plus si votre pays interdit de voyager),<\/li>\n\n\n\n<li class=\"has-medium-font-size\">\u2022 utiliser votre acompte pour des cours particuliers en ligne.<\/li>\n<\/ul>\n\n\n\n<p>Une fois sur place : les r\u00e8gles fran\u00e7aises s\u2019appliquent. Le COVID est d\u00e9sormais trait\u00e9 comme une maladie classique.  <\/p>\n\n\n\n<p>Pour toute autre raison d\u2019annulation, les r\u00e8gles g\u00e9n\u00e9rales s\u2019appliquent.<\/p>\n\n\n\n<div style=\"height:35px\" aria-hidden=\"true\" class=\"wp-block-spacer\"><\/div>\n\n\n\n<h2 class=\"wp-block-heading\">Modification du programme<\/h2>\n\n\n\n<p>Toute modification de <strong>votre s\u00e9jour<\/strong> apr\u00e8s inscription entra\u00eene un travail suppl\u00e9mentaire pour le personnel administratif et les familles d\u2019accueil. Un forfait de <strong>50<\/strong> <strong>\u20ac<\/strong> sera demand\u00e9 pour chaque changement (ex. : changement de date de d\u00e9but ou de fin, modification du type de logement, changement de famille d\u2019accueil, etc.).<\/p>\n\n\n\n<p>Si l\u2019\u00e9cole doit modifier votre programme (absence d\u2019un professeur par exemple), les cours seront remplac\u00e9s. Les cours de remplacement seront programm\u00e9s par l\u2019\u00e9cole et peuvent avoir lieu le matin ou l\u2019apr\u00e8s-midi, mais pas pendant les jours non ouvrables (week-ends ou jours f\u00e9ri\u00e9s).  <\/p>\n\n\n\n<div style=\"height:35px\" aria-hidden=\"true\" class=\"wp-block-spacer\"><\/div>\n\n\n\n<h2 class=\"wp-block-heading\">Premier jour d\u2019\u00e9cole : test et retard<\/h2>\n\n\n\n<p>Avant leur arriv\u00e9e, les nouveaux \u00e9l\u00e8ves doivent passer un test afin d&rsquo;\u00e9valuer leur niveau et re\u00e7oivent des informations compl\u00e9mentaires. Ce test permet de les placer dans une classe d\u00e8s leur premier cours. Cependant, veuillez noter que, n&rsquo;\u00e9tant pas sp\u00e9cialis\u00e9s en informatique, nous ne pourrons peut-\u00eatre pas vous aider en cas de probl\u00e8me technique. Si vous ne pouvez pas passer le test (quelle qu&rsquo;en soit la raison), il sera report\u00e9 \u00e0 votre premier jour de cours et ne sera pas rembours\u00e9.   <\/p>\n\n\n\n<p>Tout retard complique l\u2019organisation et oblige \u00e0 mobiliser un professeur pour un suivi individuel. Tout retard est donc factur\u00e9 100 \u20ac. <\/p>\n\n\n\n<div style=\"height:35px\" aria-hidden=\"true\" class=\"wp-block-spacer\"><\/div>\n\n\n\n<h2 class=\"wp-block-heading\">Mat\u00e9riel p\u00e9dagogique<\/h2>\n\n\n\n<p>Le mat\u00e9riel p\u00e9dagogique peut \u00eatre : papier (livres ou photocopies) ou num\u00e9rique con\u00e7u par l\u2019\u00e9quipe p\u00e9dagogique. <\/p>\n\n\n\n<p>En cas de plusieurs s\u00e9jours au m\u00eame niveau, nous demanderons aux \u00e9tudiants de r\u00e9utiliser le livre d\u00e9j\u00e0 fourni.<\/p>\n\n\n\n<div style=\"height:35px\" aria-hidden=\"true\" class=\"wp-block-spacer\"><\/div>\n\n\n\n<h2 class=\"wp-block-heading\">Nombre d\u2019\u00e9tudiants<\/h2>\n\n\n\n<p><strong>Cours collectifs de fran\u00e7ais g\u00e9n\u00e9ral :<\/strong><\/p>\n\n\n\n<p>1 \u00e9tudiant dans un niveau : 10 h de cours\/semaine (8 h de cours priv\u00e9s + 2 h d\u2019atelier culturel le jeudi)<br>2 \u00e9tudiants dans un niveau : 15 h de cours\/semaine (13 h collectives + 2 h atelier culturel le jeudi) <\/p>\n\n\n\n<p><strong>Formules sp\u00e9ciales (DELF-DALF, demandes sp\u00e9cifiques) :<\/strong><\/p>\n\n\n\n<p>Se r\u00e9f\u00e9rer \u00e0 la <a href=\"https:\/\/cle.fr\/fr\/brochure-nos-programmes-et-nos-prix\/\">brochure<\/a>. L\u2019ouverture des cours collectifs d\u00e9pend d\u2019un nombre minimum d\u2019inscriptions. <\/p>\n\n\n\n<p><strong>Nombre d&rsquo;\u00e9tudiants par classe<\/strong>Pendant les p\u00e9riodes charg\u00e9es, le nombre d\u2019\u00e9tudiants peut exceptionnellement atteindre 9 par classe. <\/p>\n\n\n\n<div style=\"height:35px\" aria-hidden=\"true\" class=\"wp-block-spacer\"><\/div>\n\n\n\n<h2 class=\"wp-block-heading\">Assurance<\/h2>\n\n\n\n<p>Les participants ne sont pas assur\u00e9s par Cl\u00e9 en cas d\u2019accident, maladie, vol, etc. Il est donc fortement recommand\u00e9 de souscrire une assurance personnelle. <\/p>\n\n\n\n<p><\/p>\n","protected":false},"excerpt":{"rendered":"<p>Inscription et acompte La premi\u00e8re \u00e9tape est de remplir le formulaire sur cle.fr\/register D\u00e8s r\u00e9ception, nous vous informerons si nous pouvons vous accepter. Pour valider votre inscription, vous devrez verser un acompte de 300 \u20ac par carte bancaire ou virement. Pour payer par carte bancaire, nous vous enverrons un lien ou vous pourrez utiliser notre [&hellip;]<\/p>\n","protected":false},"author":2,"featured_media":0,"parent":0,"menu_order":0,"comment_status":"closed","ping_status":"closed","template":"","meta":{"_acf_changed":false,"footnotes":""},"class_list":["post-1184","page","type-page","status-publish","hentry"],"acf":[],"yoast_head":"<!-- This site is optimized with the Yoast SEO plugin v27.3 - https:\/\/yoast.com\/product\/yoast-seo-wordpress\/ -->\n<title>Conditions d&#039;inscription - \u00c9cole Cl\u00e9<\/title>\n<meta name=\"robots\" content=\"index, follow, max-snippet:-1, max-image-preview:large, max-video-preview:-1\" \/>\n<link rel=\"canonical\" href=\"https:\/\/cle.fr\/fr\/conditions-dinscription\/\" \/>\n<meta property=\"og:locale\" content=\"fr_FR\" \/>\n<meta property=\"og:type\" content=\"article\" \/>\n<meta property=\"og:title\" content=\"Conditions d&#039;inscription - \u00c9cole Cl\u00e9\" \/>\n<meta property=\"og:description\" content=\"Inscription et acompte La premi\u00e8re \u00e9tape est de remplir le formulaire sur cle.fr\/register D\u00e8s r\u00e9ception, nous vous informerons si nous pouvons vous accepter. Pour valider votre inscription, vous devrez verser un acompte de 300 \u20ac par carte bancaire ou virement. Pour payer par carte bancaire, nous vous enverrons un lien ou vous pourrez utiliser notre [&hellip;]\" \/>\n<meta property=\"og:url\" content=\"https:\/\/cle.fr\/fr\/conditions-dinscription\/\" \/>\n<meta property=\"og:site_name\" content=\"\u00c9cole Cl\u00e9\" \/>\n<meta property=\"article:publisher\" content=\"https:\/\/www.facebook.com\/ecole.cle\" \/>\n<meta property=\"article:modified_time\" content=\"2026-03-11T13:09:06+00:00\" \/>\n<meta name=\"twitter:card\" content=\"summary_large_image\" \/>\n<meta name=\"twitter:label1\" content=\"Dur\u00e9e de lecture estim\u00e9e\" \/>\n\t<meta name=\"twitter:data1\" content=\"5 minutes\" \/>\n<script type=\"application\/ld+json\" class=\"yoast-schema-graph\">{\"@context\":\"https:\\\/\\\/schema.org\",\"@graph\":[{\"@type\":\"WebPage\",\"@id\":\"https:\\\/\\\/cle.fr\\\/fr\\\/conditions-dinscription\\\/\",\"url\":\"https:\\\/\\\/cle.fr\\\/fr\\\/conditions-dinscription\\\/\",\"name\":\"Conditions d'inscription - \u00c9cole Cl\u00e9\",\"isPartOf\":{\"@id\":\"https:\\\/\\\/cle.fr\\\/fr\\\/#website\"},\"datePublished\":\"2025-05-23T13:05:35+00:00\",\"dateModified\":\"2026-03-11T13:09:06+00:00\",\"breadcrumb\":{\"@id\":\"https:\\\/\\\/cle.fr\\\/fr\\\/conditions-dinscription\\\/#breadcrumb\"},\"inLanguage\":\"fr-FR\",\"potentialAction\":[{\"@type\":\"ReadAction\",\"target\":[\"https:\\\/\\\/cle.fr\\\/fr\\\/conditions-dinscription\\\/\"]}]},{\"@type\":\"BreadcrumbList\",\"@id\":\"https:\\\/\\\/cle.fr\\\/fr\\\/conditions-dinscription\\\/#breadcrumb\",\"itemListElement\":[{\"@type\":\"ListItem\",\"position\":1,\"name\":\"Accueil\",\"item\":\"https:\\\/\\\/cle.fr\\\/fr\\\/\"},{\"@type\":\"ListItem\",\"position\":2,\"name\":\"Conditions d&rsquo;inscription\"}]},{\"@type\":\"WebSite\",\"@id\":\"https:\\\/\\\/cle.fr\\\/fr\\\/#website\",\"url\":\"https:\\\/\\\/cle.fr\\\/fr\\\/\",\"name\":\"\u00c9cole Cl\u00e9\",\"description\":\"Learn French in Tours or Lyon with CL\u00c9 School: small classes, mature students, fast progress, and personalized cultural immersion experiences.\",\"publisher\":{\"@id\":\"https:\\\/\\\/cle.fr\\\/fr\\\/#organization\"},\"alternateName\":\"Centre Linguistique pour Etrangers\",\"potentialAction\":[{\"@type\":\"SearchAction\",\"target\":{\"@type\":\"EntryPoint\",\"urlTemplate\":\"https:\\\/\\\/cle.fr\\\/fr\\\/?s={search_term_string}\"},\"query-input\":{\"@type\":\"PropertyValueSpecification\",\"valueRequired\":true,\"valueName\":\"search_term_string\"}}],\"inLanguage\":\"fr-FR\"},{\"@type\":\"Organization\",\"@id\":\"https:\\\/\\\/cle.fr\\\/fr\\\/#organization\",\"name\":\"\u00c9cole Cl\u00e9\",\"url\":\"https:\\\/\\\/cle.fr\\\/fr\\\/\",\"logo\":{\"@type\":\"ImageObject\",\"inLanguage\":\"fr-FR\",\"@id\":\"https:\\\/\\\/cle.fr\\\/fr\\\/#\\\/schema\\\/logo\\\/image\\\/\",\"url\":\"https:\\\/\\\/cle.fr\\\/wp-content\\\/uploads\\\/2025\\\/05\\\/Logo-cle-blanc.webp\",\"contentUrl\":\"https:\\\/\\\/cle.fr\\\/wp-content\\\/uploads\\\/2025\\\/05\\\/Logo-cle-blanc.webp\",\"width\":114,\"height\":147,\"caption\":\"\u00c9cole Cl\u00e9\"},\"image\":{\"@id\":\"https:\\\/\\\/cle.fr\\\/fr\\\/#\\\/schema\\\/logo\\\/image\\\/\"},\"sameAs\":[\"https:\\\/\\\/www.facebook.com\\\/ecole.cle\",\"https:\\\/\\\/www.instagram.com\\\/ecolecle\\\/\"]}]}<\/script>\n<!-- \/ Yoast SEO plugin. -->","yoast_head_json":{"title":"Conditions d'inscription - \u00c9cole Cl\u00e9","robots":{"index":"index","follow":"follow","max-snippet":"max-snippet:-1","max-image-preview":"max-image-preview:large","max-video-preview":"max-video-preview:-1"},"canonical":"https:\/\/cle.fr\/fr\/conditions-dinscription\/","og_locale":"fr_FR","og_type":"article","og_title":"Conditions d'inscription - \u00c9cole Cl\u00e9","og_description":"Inscription et acompte La premi\u00e8re \u00e9tape est de remplir le formulaire sur cle.fr\/register D\u00e8s r\u00e9ception, nous vous informerons si nous pouvons vous accepter. Pour valider votre inscription, vous devrez verser un acompte de 300 \u20ac par carte bancaire ou virement. Pour payer par carte bancaire, nous vous enverrons un lien ou vous pourrez utiliser notre [&hellip;]","og_url":"https:\/\/cle.fr\/fr\/conditions-dinscription\/","og_site_name":"\u00c9cole Cl\u00e9","article_publisher":"https:\/\/www.facebook.com\/ecole.cle","article_modified_time":"2026-03-11T13:09:06+00:00","twitter_card":"summary_large_image","twitter_misc":{"Dur\u00e9e de lecture estim\u00e9e":"5 minutes"},"schema":{"@context":"https:\/\/schema.org","@graph":[{"@type":"WebPage","@id":"https:\/\/cle.fr\/fr\/conditions-dinscription\/","url":"https:\/\/cle.fr\/fr\/conditions-dinscription\/","name":"Conditions d'inscription - \u00c9cole Cl\u00e9","isPartOf":{"@id":"https:\/\/cle.fr\/fr\/#website"},"datePublished":"2025-05-23T13:05:35+00:00","dateModified":"2026-03-11T13:09:06+00:00","breadcrumb":{"@id":"https:\/\/cle.fr\/fr\/conditions-dinscription\/#breadcrumb"},"inLanguage":"fr-FR","potentialAction":[{"@type":"ReadAction","target":["https:\/\/cle.fr\/fr\/conditions-dinscription\/"]}]},{"@type":"BreadcrumbList","@id":"https:\/\/cle.fr\/fr\/conditions-dinscription\/#breadcrumb","itemListElement":[{"@type":"ListItem","position":1,"name":"Accueil","item":"https:\/\/cle.fr\/fr\/"},{"@type":"ListItem","position":2,"name":"Conditions d&rsquo;inscription"}]},{"@type":"WebSite","@id":"https:\/\/cle.fr\/fr\/#website","url":"https:\/\/cle.fr\/fr\/","name":"\u00c9cole Cl\u00e9","description":"Learn French in Tours or Lyon with CL\u00c9 School: small classes, mature students, fast progress, and personalized cultural immersion experiences.","publisher":{"@id":"https:\/\/cle.fr\/fr\/#organization"},"alternateName":"Centre Linguistique pour Etrangers","potentialAction":[{"@type":"SearchAction","target":{"@type":"EntryPoint","urlTemplate":"https:\/\/cle.fr\/fr\/?s={search_term_string}"},"query-input":{"@type":"PropertyValueSpecification","valueRequired":true,"valueName":"search_term_string"}}],"inLanguage":"fr-FR"},{"@type":"Organization","@id":"https:\/\/cle.fr\/fr\/#organization","name":"\u00c9cole Cl\u00e9","url":"https:\/\/cle.fr\/fr\/","logo":{"@type":"ImageObject","inLanguage":"fr-FR","@id":"https:\/\/cle.fr\/fr\/#\/schema\/logo\/image\/","url":"https:\/\/cle.fr\/wp-content\/uploads\/2025\/05\/Logo-cle-blanc.webp","contentUrl":"https:\/\/cle.fr\/wp-content\/uploads\/2025\/05\/Logo-cle-blanc.webp","width":114,"height":147,"caption":"\u00c9cole Cl\u00e9"},"image":{"@id":"https:\/\/cle.fr\/fr\/#\/schema\/logo\/image\/"},"sameAs":["https:\/\/www.facebook.com\/ecole.cle","https:\/\/www.instagram.com\/ecolecle\/"]}]}},"_links":{"self":[{"href":"https:\/\/cle.fr\/fr\/wp-json\/wp\/v2\/pages\/1184","targetHints":{"allow":["GET"]}}],"collection":[{"href":"https:\/\/cle.fr\/fr\/wp-json\/wp\/v2\/pages"}],"about":[{"href":"https:\/\/cle.fr\/fr\/wp-json\/wp\/v2\/types\/page"}],"author":[{"embeddable":true,"href":"https:\/\/cle.fr\/fr\/wp-json\/wp\/v2\/users\/2"}],"replies":[{"embeddable":true,"href":"https:\/\/cle.fr\/fr\/wp-json\/wp\/v2\/comments?post=1184"}],"version-history":[{"count":11,"href":"https:\/\/cle.fr\/fr\/wp-json\/wp\/v2\/pages\/1184\/revisions"}],"predecessor-version":[{"id":545749,"href":"https:\/\/cle.fr\/fr\/wp-json\/wp\/v2\/pages\/1184\/revisions\/545749"}],"wp:attachment":[{"href":"https:\/\/cle.fr\/fr\/wp-json\/wp\/v2\/media?parent=1184"}],"curies":[{"name":"wp","href":"https:\/\/api.w.org\/{rel}","templated":true}]}}