{"id":1176,"date":"2025-05-23T15:00:33","date_gmt":"2025-05-23T13:00:33","guid":{"rendered":"http:\/\/cle.fr\/hebergement\/"},"modified":"2025-12-27T18:41:21","modified_gmt":"2025-12-27T17:41:21","slug":"hebergement","status":"publish","type":"page","link":"https:\/\/cle.fr\/fr\/hebergement\/","title":{"rendered":"H\u00e9bergement"},"content":{"rendered":"\n<div class=\"hebergement-block\">\n    \n    <section class=\"hebergement-main\">\n    <div class=\"global-container\">\n                    <div class=\"hebergement-items\">\n                  \n                    <div class=\"hebergement-title\">\n                        <div class=\"hebergement-titre\">\n                            <h2>Famille d\u2019accueil<\/h2>\n                            <p>S\u00e9journer dans une famille d\u2019accueil est la meilleure fa\u00e7on de s\u2019immerger dans la langue et la culture fran\u00e7aises. Ils accueillent au maximum deux \u00e9tudiants \u00e0 la fois et jamais des \u00e9tudiants de la m\u00eame nationalit\u00e9. <\/p>\n<p>Lors de votre inscription, vous devrez payer des <strong>frais administratifs de \u20ac80.<\/strong> Vous paierez ensuite directement votre famille d\u2019accueil. <\/p>\n<p><strong>L\u2019h\u00e9bergement en famille d\u2019accueil comprend :<\/strong><\/p>\n<ul>\n<li> Wi-Fi<\/li>\n<li>Vous aurez \u00e0 disposition une machine \u00e0 laver.<\/li>\n<li>Chambre priv\u00e9e<\/li>\n<li>Arriv\u00e9e le dimanche apr\u00e8s-midi apr\u00e8s 14h.<\/li>\n<li>D\u00e9part un<\/li>\n<li>samedi matin avant 11 a.m.<\/li>\n<li>Petit-d\u00e9jeuner et d\u00eener en semaine, pension compl\u00e8te le week-end.<\/li>\n<li>Accueil \u00e0 la gare le jour de l\u2019arriv\u00e9e et d\u00e9p\u00f4t \u00e0 la gare le jour du d\u00e9part.<\/li>\n<\/ul>\n<p><strong>Tarifs :<\/strong><br \/>\n280 \u20ac personne seule, salle de bain partag\u00e9e<br \/>\n350 \u20ac personne seule, salle de bain priv\u00e9e<br \/>\nR\u00e9gime sp\u00e9cial +30 \u20ac\/semaine \u00bb<\/p>\n                        <\/div>\n                        <div class=\"hebergement-image\">\n                        <img decoding=\"async\" width=\"281\" height=\"275\" src=\"https:\/\/cle.fr\/wp-content\/uploads\/2025\/06\/Picto-heber-01.webp\" class=\"attachment-large size-large\" alt=\"\" loading=\"lazy\" \/>                        <\/div>      \n                    <\/div>                  \n                  \n                    <div class=\"hebergement-title\">\n                        <div class=\"hebergement-titre\">\n                            <h2>Maison d&rsquo;h\u00f4tes<\/h2>\n                            <p>L&rsquo;\u00e9cole dispose de 2 appartements ind\u00e9pendants et de 2 chambres (avec une salle de bain commune).<\/p>\n                        <\/div>\n                        <div class=\"hebergement-image\">\n                        <img decoding=\"async\" width=\"662\" height=\"1024\" src=\"https:\/\/cle.fr\/wp-content\/uploads\/2025\/11\/Sans-titre-1-662x1024.png\" class=\"attachment-large size-large\" alt=\"\" srcset=\"https:\/\/cle.fr\/wp-content\/uploads\/2025\/11\/Sans-titre-1-662x1024.png 662w, https:\/\/cle.fr\/wp-content\/uploads\/2025\/11\/Sans-titre-1-194x300.png 194w, https:\/\/cle.fr\/wp-content\/uploads\/2025\/11\/Sans-titre-1-768x1188.png 768w, https:\/\/cle.fr\/wp-content\/uploads\/2025\/11\/Sans-titre-1-600x928.png 600w, https:\/\/cle.fr\/wp-content\/uploads\/2025\/11\/Sans-titre-1.png 776w\" sizes=\"auto, (max-width: 662px) 100vw, 662px\" loading=\"lazy\" \/>                        <\/div>      \n                    <\/div>                  \n                  \n                    <div class=\"hebergement-title\">\n                        <div class=\"hebergement-titre\">\n                            <h2>Studios et appartements<\/h2>\n                            <p>Si vous pr\u00e9f\u00e9rez plus d\u2019ind\u00e9pendance, nous vous recommandons de r\u00e9server un logement via Airbnb ou Homelidays. Ces sites proposent des appartements enti\u00e8rement \u00e9quip\u00e9s dans le centre historique de Tours, \u00e0 seulement quelques minutes \u00e0 pied de Cl\u00e9. <\/p>\n<p>Nous avons \u00e9galement des partenariats avec :<\/p>\n<ul>\n<li><a href=\"https:\/\/www.cityresidence.fr\/residence\/tours\">City Residence<\/a>: les prix des entreprises vous seront communiqu\u00e9s.<\/li>\n<li><a href=\"https:\/\/reservation.prestiplace.com\/\">PrestiPlace<\/a>: une r\u00e9duction sera appliqu\u00e9e si vous mentionnez que vous \u00eates un \u00e9tudiant de Cl\u00e9.<\/li>\n<\/ul>\n<p><strong>Tarifs :<\/strong><\/p>\n<p>Les prix varient en fonction du logement disponible, <strong>entre 700 et 1200 euros par mois<\/strong>.<\/p>\n                        <\/div>\n                        <div class=\"hebergement-image\">\n                        <img decoding=\"async\" width=\"235\" height=\"256\" src=\"https:\/\/cle.fr\/wp-content\/uploads\/2025\/06\/picto-heber-02.webp\" class=\"attachment-large size-large\" alt=\"\" loading=\"lazy\" \/>                        <\/div>      \n                    <\/div>                  \n                  \n                    <div class=\"hebergement-title\">\n                        <div class=\"hebergement-titre\">\n                            <h2>Hotels<\/h2>\n                            <p>Ces locations, allant du studio au T3, comprennent l\u2019acc\u00e8s \u00e0 Internet. Les prix d\u00e9pendent de la taille de la location et, bien s\u00fbr, de la dur\u00e9e. Nous vous recommandons de visiter le site Booking.  <\/p>\n<p><strong>Tarifs :<\/strong><\/p>\n<p>Les prix varient en fonction des logements disponibles, allant de <strong>70 \u20ac \u00e0 200 \u20ac par nuit.<\/strong><\/p>\n                        <\/div>\n                        <div class=\"hebergement-image\">\n                        <img decoding=\"async\" width=\"246\" height=\"264\" src=\"https:\/\/cle.fr\/wp-content\/uploads\/2025\/06\/picto-heber-03.webp\" class=\"attachment-large size-large\" alt=\"\" loading=\"lazy\" \/>                        <\/div>      \n                    <\/div>                  \n                            <\/div>\n            <\/div>\n    <\/section>\n\n  <!-- Decoration -->  \n    <span class=\"decoration-repeat\" aria-hidden=\"true\"><\/span>   \n    \n    <!-- Hebergement stop scroller -->\n    <section class=\"hebergement-stop-scroller\">\n        <div class=\"global-container\">\n            <div class=\"hebergement-content\">\n                                    <div class=\"hebergement-title\">\n                            <h2>En savoir plus<\/h2>\n                        <\/div>\n                                        <div class=\"brochure-button\">\n                                        <\/div>\n                <\/div>\n            <\/div>\n        <\/div>    \n    <\/section>\n\n<\/div>\n\n\n<p><\/p>\n","protected":false},"excerpt":{"rendered":"","protected":false},"author":2,"featured_media":0,"parent":0,"menu_order":0,"comment_status":"closed","ping_status":"closed","template":"page-acommodation.php","meta":{"_acf_changed":false,"footnotes":""},"class_list":["post-1176","page","type-page","status-publish","hentry"],"acf":[],"yoast_head":"<!-- This site is optimized with the Yoast SEO plugin v27.3 - https:\/\/yoast.com\/product\/yoast-seo-wordpress\/ -->\n<title>H\u00e9bergement - \u00c9cole Cl\u00e9<\/title>\n<meta name=\"robots\" content=\"index, follow, max-snippet:-1, max-image-preview:large, max-video-preview:-1\" \/>\n<link rel=\"canonical\" href=\"https:\/\/cle.fr\/fr\/hebergement\/\" \/>\n<meta property=\"og:locale\" content=\"fr_FR\" \/>\n<meta property=\"og:type\" content=\"article\" \/>\n<meta property=\"og:title\" content=\"H\u00e9bergement - \u00c9cole Cl\u00e9\" \/>\n<meta property=\"og:url\" content=\"https:\/\/cle.fr\/fr\/hebergement\/\" \/>\n<meta property=\"og:site_name\" content=\"\u00c9cole Cl\u00e9\" \/>\n<meta property=\"article:publisher\" content=\"https:\/\/www.facebook.com\/ecole.cle\" \/>\n<meta property=\"article:modified_time\" content=\"2025-12-27T17:41:21+00:00\" \/>\n<meta name=\"twitter:card\" content=\"summary_large_image\" \/>\n<script type=\"application\/ld+json\" class=\"yoast-schema-graph\">{\"@context\":\"https:\\\/\\\/schema.org\",\"@graph\":[{\"@type\":\"WebPage\",\"@id\":\"https:\\\/\\\/cle.fr\\\/fr\\\/hebergement\\\/\",\"url\":\"https:\\\/\\\/cle.fr\\\/fr\\\/hebergement\\\/\",\"name\":\"H\u00e9bergement - \u00c9cole Cl\u00e9\",\"isPartOf\":{\"@id\":\"https:\\\/\\\/cle.fr\\\/fr\\\/#website\"},\"datePublished\":\"2025-05-23T13:00:33+00:00\",\"dateModified\":\"2025-12-27T17:41:21+00:00\",\"breadcrumb\":{\"@id\":\"https:\\\/\\\/cle.fr\\\/fr\\\/hebergement\\\/#breadcrumb\"},\"inLanguage\":\"fr-FR\",\"potentialAction\":[{\"@type\":\"ReadAction\",\"target\":[\"https:\\\/\\\/cle.fr\\\/fr\\\/hebergement\\\/\"]}]},{\"@type\":\"BreadcrumbList\",\"@id\":\"https:\\\/\\\/cle.fr\\\/fr\\\/hebergement\\\/#breadcrumb\",\"itemListElement\":[{\"@type\":\"ListItem\",\"position\":1,\"name\":\"Accueil\",\"item\":\"https:\\\/\\\/cle.fr\\\/fr\\\/\"},{\"@type\":\"ListItem\",\"position\":2,\"name\":\"H\u00e9bergement\"}]},{\"@type\":\"WebSite\",\"@id\":\"https:\\\/\\\/cle.fr\\\/fr\\\/#website\",\"url\":\"https:\\\/\\\/cle.fr\\\/fr\\\/\",\"name\":\"\u00c9cole Cl\u00e9\",\"description\":\"Learn French in Tours or Lyon with CL\u00c9 School: small classes, mature students, fast progress, and personalized cultural immersion experiences.\",\"publisher\":{\"@id\":\"https:\\\/\\\/cle.fr\\\/fr\\\/#organization\"},\"alternateName\":\"Centre Linguistique pour Etrangers\",\"potentialAction\":[{\"@type\":\"SearchAction\",\"target\":{\"@type\":\"EntryPoint\",\"urlTemplate\":\"https:\\\/\\\/cle.fr\\\/fr\\\/?s={search_term_string}\"},\"query-input\":{\"@type\":\"PropertyValueSpecification\",\"valueRequired\":true,\"valueName\":\"search_term_string\"}}],\"inLanguage\":\"fr-FR\"},{\"@type\":\"Organization\",\"@id\":\"https:\\\/\\\/cle.fr\\\/fr\\\/#organization\",\"name\":\"\u00c9cole Cl\u00e9\",\"url\":\"https:\\\/\\\/cle.fr\\\/fr\\\/\",\"logo\":{\"@type\":\"ImageObject\",\"inLanguage\":\"fr-FR\",\"@id\":\"https:\\\/\\\/cle.fr\\\/fr\\\/#\\\/schema\\\/logo\\\/image\\\/\",\"url\":\"https:\\\/\\\/cle.fr\\\/wp-content\\\/uploads\\\/2025\\\/05\\\/Logo-cle-blanc.webp\",\"contentUrl\":\"https:\\\/\\\/cle.fr\\\/wp-content\\\/uploads\\\/2025\\\/05\\\/Logo-cle-blanc.webp\",\"width\":114,\"height\":147,\"caption\":\"\u00c9cole Cl\u00e9\"},\"image\":{\"@id\":\"https:\\\/\\\/cle.fr\\\/fr\\\/#\\\/schema\\\/logo\\\/image\\\/\"},\"sameAs\":[\"https:\\\/\\\/www.facebook.com\\\/ecole.cle\",\"https:\\\/\\\/www.instagram.com\\\/ecolecle\\\/\"]}]}<\/script>\n<!-- \/ Yoast SEO plugin. -->","yoast_head_json":{"title":"H\u00e9bergement - \u00c9cole Cl\u00e9","robots":{"index":"index","follow":"follow","max-snippet":"max-snippet:-1","max-image-preview":"max-image-preview:large","max-video-preview":"max-video-preview:-1"},"canonical":"https:\/\/cle.fr\/fr\/hebergement\/","og_locale":"fr_FR","og_type":"article","og_title":"H\u00e9bergement - \u00c9cole Cl\u00e9","og_url":"https:\/\/cle.fr\/fr\/hebergement\/","og_site_name":"\u00c9cole Cl\u00e9","article_publisher":"https:\/\/www.facebook.com\/ecole.cle","article_modified_time":"2025-12-27T17:41:21+00:00","twitter_card":"summary_large_image","schema":{"@context":"https:\/\/schema.org","@graph":[{"@type":"WebPage","@id":"https:\/\/cle.fr\/fr\/hebergement\/","url":"https:\/\/cle.fr\/fr\/hebergement\/","name":"H\u00e9bergement - \u00c9cole Cl\u00e9","isPartOf":{"@id":"https:\/\/cle.fr\/fr\/#website"},"datePublished":"2025-05-23T13:00:33+00:00","dateModified":"2025-12-27T17:41:21+00:00","breadcrumb":{"@id":"https:\/\/cle.fr\/fr\/hebergement\/#breadcrumb"},"inLanguage":"fr-FR","potentialAction":[{"@type":"ReadAction","target":["https:\/\/cle.fr\/fr\/hebergement\/"]}]},{"@type":"BreadcrumbList","@id":"https:\/\/cle.fr\/fr\/hebergement\/#breadcrumb","itemListElement":[{"@type":"ListItem","position":1,"name":"Accueil","item":"https:\/\/cle.fr\/fr\/"},{"@type":"ListItem","position":2,"name":"H\u00e9bergement"}]},{"@type":"WebSite","@id":"https:\/\/cle.fr\/fr\/#website","url":"https:\/\/cle.fr\/fr\/","name":"\u00c9cole Cl\u00e9","description":"Learn French in Tours or Lyon with CL\u00c9 School: small classes, mature students, fast progress, and personalized cultural immersion experiences.","publisher":{"@id":"https:\/\/cle.fr\/fr\/#organization"},"alternateName":"Centre Linguistique pour Etrangers","potentialAction":[{"@type":"SearchAction","target":{"@type":"EntryPoint","urlTemplate":"https:\/\/cle.fr\/fr\/?s={search_term_string}"},"query-input":{"@type":"PropertyValueSpecification","valueRequired":true,"valueName":"search_term_string"}}],"inLanguage":"fr-FR"},{"@type":"Organization","@id":"https:\/\/cle.fr\/fr\/#organization","name":"\u00c9cole Cl\u00e9","url":"https:\/\/cle.fr\/fr\/","logo":{"@type":"ImageObject","inLanguage":"fr-FR","@id":"https:\/\/cle.fr\/fr\/#\/schema\/logo\/image\/","url":"https:\/\/cle.fr\/wp-content\/uploads\/2025\/05\/Logo-cle-blanc.webp","contentUrl":"https:\/\/cle.fr\/wp-content\/uploads\/2025\/05\/Logo-cle-blanc.webp","width":114,"height":147,"caption":"\u00c9cole Cl\u00e9"},"image":{"@id":"https:\/\/cle.fr\/fr\/#\/schema\/logo\/image\/"},"sameAs":["https:\/\/www.facebook.com\/ecole.cle","https:\/\/www.instagram.com\/ecolecle\/"]}]}},"_links":{"self":[{"href":"https:\/\/cle.fr\/fr\/wp-json\/wp\/v2\/pages\/1176","targetHints":{"allow":["GET"]}}],"collection":[{"href":"https:\/\/cle.fr\/fr\/wp-json\/wp\/v2\/pages"}],"about":[{"href":"https:\/\/cle.fr\/fr\/wp-json\/wp\/v2\/types\/page"}],"author":[{"embeddable":true,"href":"https:\/\/cle.fr\/fr\/wp-json\/wp\/v2\/users\/2"}],"replies":[{"embeddable":true,"href":"https:\/\/cle.fr\/fr\/wp-json\/wp\/v2\/comments?post=1176"}],"version-history":[{"count":2,"href":"https:\/\/cle.fr\/fr\/wp-json\/wp\/v2\/pages\/1176\/revisions"}],"predecessor-version":[{"id":316733,"href":"https:\/\/cle.fr\/fr\/wp-json\/wp\/v2\/pages\/1176\/revisions\/316733"}],"wp:attachment":[{"href":"https:\/\/cle.fr\/fr\/wp-json\/wp\/v2\/media?parent=1176"}],"curies":[{"name":"wp","href":"https:\/\/api.w.org\/{rel}","templated":true}]}}