{"id":242698,"date":"2025-12-11T10:44:24","date_gmt":"2025-12-11T09:44:24","guid":{"rendered":"https:\/\/cle.fr\/folleto-nuestros-programas-y-precios\/"},"modified":"2025-12-23T21:31:41","modified_gmt":"2025-12-23T20:31:41","slug":"folleto-nuestros-programas-y-precios","status":"publish","type":"page","link":"https:\/\/cle.fr\/es\/folleto-nuestros-programas-y-precios\/","title":{"rendered":"Folleto &#8211; nuestros programas y precios"},"content":{"rendered":"\n<div data-wp-interactive=\"core\/file\" class=\"wp-block-file\"><object data-wp-bind--hidden=\"!state.hasPdfPreview\" hidden class=\"wp-block-file__embed\" data=\"https:\/\/cle.fr\/wp-content\/uploads\/2025\/12\/CLE-brochure-2026-EN-1.pdf\" type=\"application\/pdf\" style=\"width:100%;height:1151px\" aria-label=\"Incrustado de CLE brochure 2026 (EN).\"><\/object><a id=\"wp-block-file--media-802d50ad-f842-45c0-87ff-9d5c53d0ef55\" href=\"https:\/\/cle.fr\/wp-content\/uploads\/2025\/12\/CLE-brochure-2026-EN-1.pdf\">Folleto CLE 2026 (EN)<\/a><a href=\"https:\/\/cle.fr\/wp-content\/uploads\/2025\/12\/CLE-brochure-2026-EN-1.pdf\" class=\"wp-block-file__button wp-element-button\" download=\"\" aria-describedby=\"wp-block-file--media-802d50ad-f842-45c0-87ff-9d5c53d0ef55\">Descargar<\/a><\/div>\n","protected":false},"excerpt":{"rendered":"","protected":false},"author":2,"featured_media":0,"parent":0,"menu_order":0,"comment_status":"closed","ping_status":"closed","template":"","meta":{"_acf_changed":false,"footnotes":""},"class_list":["post-242698","page","type-page","status-publish","hentry"],"acf":[],"yoast_head":"<!-- This site is optimized with the Yoast SEO plugin v27.4 - https:\/\/yoast.com\/product\/yoast-seo-wordpress\/ -->\n<title>Folleto - nuestros programas y precios - \u00c9cole Cl\u00e9<\/title>\n<meta name=\"robots\" content=\"index, follow, max-snippet:-1, max-image-preview:large, max-video-preview:-1\" \/>\n<link rel=\"canonical\" href=\"https:\/\/cle.fr\/es\/folleto-nuestros-programas-y-precios\/\" \/>\n<meta property=\"og:locale\" content=\"es_ES\" \/>\n<meta property=\"og:type\" content=\"article\" \/>\n<meta property=\"og:title\" content=\"Folleto - nuestros programas y precios - \u00c9cole Cl\u00e9\" \/>\n<meta property=\"og:url\" content=\"https:\/\/cle.fr\/es\/folleto-nuestros-programas-y-precios\/\" \/>\n<meta property=\"og:site_name\" content=\"\u00c9cole Cl\u00e9\" \/>\n<meta property=\"article:publisher\" content=\"https:\/\/www.facebook.com\/ecole.cle\" \/>\n<meta property=\"article:modified_time\" content=\"2025-12-23T20:31:41+00:00\" \/>\n<meta name=\"twitter:card\" content=\"summary_large_image\" \/>\n<script type=\"application\/ld+json\" class=\"yoast-schema-graph\">{\"@context\":\"https:\\\/\\\/schema.org\",\"@graph\":[{\"@type\":\"WebPage\",\"@id\":\"https:\\\/\\\/cle.fr\\\/es\\\/folleto-nuestros-programas-y-precios\\\/\",\"url\":\"https:\\\/\\\/cle.fr\\\/es\\\/folleto-nuestros-programas-y-precios\\\/\",\"name\":\"Folleto - nuestros programas y precios - \u00c9cole Cl\u00e9\",\"isPartOf\":{\"@id\":\"https:\\\/\\\/cle.fr\\\/es\\\/#website\"},\"datePublished\":\"2025-12-11T09:44:24+00:00\",\"dateModified\":\"2025-12-23T20:31:41+00:00\",\"breadcrumb\":{\"@id\":\"https:\\\/\\\/cle.fr\\\/es\\\/folleto-nuestros-programas-y-precios\\\/#breadcrumb\"},\"inLanguage\":\"es\",\"potentialAction\":[{\"@type\":\"ReadAction\",\"target\":[\"https:\\\/\\\/cle.fr\\\/es\\\/folleto-nuestros-programas-y-precios\\\/\"]}]},{\"@type\":\"BreadcrumbList\",\"@id\":\"https:\\\/\\\/cle.fr\\\/es\\\/folleto-nuestros-programas-y-precios\\\/#breadcrumb\",\"itemListElement\":[{\"@type\":\"ListItem\",\"position\":1,\"name\":\"Accueil\",\"item\":\"https:\\\/\\\/cle.fr\\\/\"},{\"@type\":\"ListItem\",\"position\":2,\"name\":\"Folleto &#8211; nuestros programas y precios\"}]},{\"@type\":\"WebSite\",\"@id\":\"https:\\\/\\\/cle.fr\\\/es\\\/#website\",\"url\":\"https:\\\/\\\/cle.fr\\\/es\\\/\",\"name\":\"\u00c9cole Cl\u00e9\",\"description\":\"Learn French in Tours or Lyon with CL\u00c9 School: small classes, mature students, fast progress, and personalized cultural immersion experiences.\",\"publisher\":{\"@id\":\"https:\\\/\\\/cle.fr\\\/es\\\/#organization\"},\"alternateName\":\"Centre Linguistique pour Etrangers\",\"potentialAction\":[{\"@type\":\"SearchAction\",\"target\":{\"@type\":\"EntryPoint\",\"urlTemplate\":\"https:\\\/\\\/cle.fr\\\/es\\\/?s={search_term_string}\"},\"query-input\":{\"@type\":\"PropertyValueSpecification\",\"valueRequired\":true,\"valueName\":\"search_term_string\"}}],\"inLanguage\":\"es\"},{\"@type\":\"Organization\",\"@id\":\"https:\\\/\\\/cle.fr\\\/es\\\/#organization\",\"name\":\"\u00c9cole Cl\u00e9\",\"url\":\"https:\\\/\\\/cle.fr\\\/es\\\/\",\"logo\":{\"@type\":\"ImageObject\",\"inLanguage\":\"es\",\"@id\":\"https:\\\/\\\/cle.fr\\\/es\\\/#\\\/schema\\\/logo\\\/image\\\/\",\"url\":\"https:\\\/\\\/cle.fr\\\/wp-content\\\/uploads\\\/2025\\\/05\\\/Logo-cle-blanc.webp\",\"contentUrl\":\"https:\\\/\\\/cle.fr\\\/wp-content\\\/uploads\\\/2025\\\/05\\\/Logo-cle-blanc.webp\",\"width\":114,\"height\":147,\"caption\":\"\u00c9cole Cl\u00e9\"},\"image\":{\"@id\":\"https:\\\/\\\/cle.fr\\\/es\\\/#\\\/schema\\\/logo\\\/image\\\/\"},\"sameAs\":[\"https:\\\/\\\/www.facebook.com\\\/ecole.cle\",\"https:\\\/\\\/www.instagram.com\\\/ecolecle\\\/\"]}]}<\/script>\n<!-- \/ Yoast SEO plugin. -->","yoast_head_json":{"title":"Folleto - nuestros programas y precios - \u00c9cole Cl\u00e9","robots":{"index":"index","follow":"follow","max-snippet":"max-snippet:-1","max-image-preview":"max-image-preview:large","max-video-preview":"max-video-preview:-1"},"canonical":"https:\/\/cle.fr\/es\/folleto-nuestros-programas-y-precios\/","og_locale":"es_ES","og_type":"article","og_title":"Folleto - nuestros programas y precios - \u00c9cole Cl\u00e9","og_url":"https:\/\/cle.fr\/es\/folleto-nuestros-programas-y-precios\/","og_site_name":"\u00c9cole Cl\u00e9","article_publisher":"https:\/\/www.facebook.com\/ecole.cle","article_modified_time":"2025-12-23T20:31:41+00:00","twitter_card":"summary_large_image","schema":{"@context":"https:\/\/schema.org","@graph":[{"@type":"WebPage","@id":"https:\/\/cle.fr\/es\/folleto-nuestros-programas-y-precios\/","url":"https:\/\/cle.fr\/es\/folleto-nuestros-programas-y-precios\/","name":"Folleto - nuestros programas y precios - \u00c9cole Cl\u00e9","isPartOf":{"@id":"https:\/\/cle.fr\/es\/#website"},"datePublished":"2025-12-11T09:44:24+00:00","dateModified":"2025-12-23T20:31:41+00:00","breadcrumb":{"@id":"https:\/\/cle.fr\/es\/folleto-nuestros-programas-y-precios\/#breadcrumb"},"inLanguage":"es","potentialAction":[{"@type":"ReadAction","target":["https:\/\/cle.fr\/es\/folleto-nuestros-programas-y-precios\/"]}]},{"@type":"BreadcrumbList","@id":"https:\/\/cle.fr\/es\/folleto-nuestros-programas-y-precios\/#breadcrumb","itemListElement":[{"@type":"ListItem","position":1,"name":"Accueil","item":"https:\/\/cle.fr\/"},{"@type":"ListItem","position":2,"name":"Folleto &#8211; nuestros programas y precios"}]},{"@type":"WebSite","@id":"https:\/\/cle.fr\/es\/#website","url":"https:\/\/cle.fr\/es\/","name":"\u00c9cole Cl\u00e9","description":"Learn French in Tours or Lyon with CL\u00c9 School: small classes, mature students, fast progress, and personalized cultural immersion experiences.","publisher":{"@id":"https:\/\/cle.fr\/es\/#organization"},"alternateName":"Centre Linguistique pour Etrangers","potentialAction":[{"@type":"SearchAction","target":{"@type":"EntryPoint","urlTemplate":"https:\/\/cle.fr\/es\/?s={search_term_string}"},"query-input":{"@type":"PropertyValueSpecification","valueRequired":true,"valueName":"search_term_string"}}],"inLanguage":"es"},{"@type":"Organization","@id":"https:\/\/cle.fr\/es\/#organization","name":"\u00c9cole Cl\u00e9","url":"https:\/\/cle.fr\/es\/","logo":{"@type":"ImageObject","inLanguage":"es","@id":"https:\/\/cle.fr\/es\/#\/schema\/logo\/image\/","url":"https:\/\/cle.fr\/wp-content\/uploads\/2025\/05\/Logo-cle-blanc.webp","contentUrl":"https:\/\/cle.fr\/wp-content\/uploads\/2025\/05\/Logo-cle-blanc.webp","width":114,"height":147,"caption":"\u00c9cole Cl\u00e9"},"image":{"@id":"https:\/\/cle.fr\/es\/#\/schema\/logo\/image\/"},"sameAs":["https:\/\/www.facebook.com\/ecole.cle","https:\/\/www.instagram.com\/ecolecle\/"]}]}},"_links":{"self":[{"href":"https:\/\/cle.fr\/es\/wp-json\/wp\/v2\/pages\/242698","targetHints":{"allow":["GET"]}}],"collection":[{"href":"https:\/\/cle.fr\/es\/wp-json\/wp\/v2\/pages"}],"about":[{"href":"https:\/\/cle.fr\/es\/wp-json\/wp\/v2\/types\/page"}],"author":[{"embeddable":true,"href":"https:\/\/cle.fr\/es\/wp-json\/wp\/v2\/users\/2"}],"replies":[{"embeddable":true,"href":"https:\/\/cle.fr\/es\/wp-json\/wp\/v2\/comments?post=242698"}],"version-history":[{"count":3,"href":"https:\/\/cle.fr\/es\/wp-json\/wp\/v2\/pages\/242698\/revisions"}],"predecessor-version":[{"id":305193,"href":"https:\/\/cle.fr\/es\/wp-json\/wp\/v2\/pages\/242698\/revisions\/305193"}],"wp:attachment":[{"href":"https:\/\/cle.fr\/es\/wp-json\/wp\/v2\/media?parent=242698"}],"curies":[{"name":"wp","href":"https:\/\/api.w.org\/{rel}","templated":true}]}}